{"id":41,"date":"2024-06-26T07:48:07","date_gmt":"2024-06-26T07:48:07","guid":{"rendered":"https:\/\/www.reykjavikcard.com\/?page_id=41"},"modified":"2025-01-15T05:23:27","modified_gmt":"2025-01-15T05:23:27","slug":"termiske-bassiner","status":"publish","type":"page","link":"https:\/\/www.reykjavikcard.com\/da\/thermal-pools\/","title":{"rendered":"Termiske bassiner med Reykjavik-kortet"},"content":{"rendered":"<figure class=\"wp-block-image size-full\"><img loading=\"lazy\" decoding=\"async\" width=\"1000\" height=\"500\" src=\"https:\/\/www.reykjavikcard.com\/wp-content\/uploads\/2024\/06\/reykjavik-thermal-pool.png\" alt=\"\" class=\"wp-image-42\" srcset=\"https:\/\/www.reykjavikcard.com\/wp-content\/uploads\/2024\/06\/reykjavik-thermal-pool.png 1000w, https:\/\/www.reykjavikcard.com\/wp-content\/uploads\/2024\/06\/reykjavik-thermal-pool-300x150.png 300w, https:\/\/www.reykjavikcard.com\/wp-content\/uploads\/2024\/06\/reykjavik-thermal-pool-768x384.png 768w, https:\/\/www.reykjavikcard.com\/wp-content\/uploads\/2024\/06\/reykjavik-thermal-pool-18x9.png 18w\" sizes=\"auto, (max-width: 1000px) 100vw, 1000px\" \/><\/figure>\n\n\n\n<div style=\"height:30px\" aria-hidden=\"true\" class=\"wp-block-spacer\"><\/div>\n\n\n\n<p><strong>Med Reykjavik City Card kan du bes\u00f8ge op til syv termiske bade gratis.<\/strong> Termiske bade er en vigtig del af den islandske kultur og dagligdag. Et bes\u00f8g giver mulighed for at blive fortrolig med denne tradition og fordybe sig i det lokale liv.<\/p>\n\n\n\n<p>Ud over de geotermiske bassiner tilbyder mange termalbade ogs\u00e5 andre faciliteter som saunaer, dampbade og vandrutsjebaner, som giver ekstra sjov og afslapning. Det g\u00f8r de termiske bade ideelle for familier. De tilbyder omr\u00e5der til b\u00f8rn, herunder lavvandede bassiner og legepladser, s\u00e5 hele familien kan have det sjovt sammen.<\/p>\n\n\n\n<p>F\u00f8lgende termiske bade er inkluderet i Reykjavik City Card:<\/p>\n\n\n\n<ol class=\"wp-block-list\">\n<li><strong>\u00c1rb\u00e6jarlaug<\/strong>\u00c1rb\u00e6jarlaug har indend\u00f8rs og udend\u00f8rs pools, vandrutsjebaner og en b\u00f8rnepool. Det er en popul\u00e6r familiedestination med fremragende faciliteter.<\/li>\n\n\n\n<li><strong>Brei\u00f0holtslaug Pool<\/strong>Brei\u00f0holtslaug har flere bassiner, herunder boblebade, saunaer og vandrutsjebaner. Poolen er kendt for sin afslappende atmosf\u00e6re.<\/li>\n\n\n\n<li><strong>Dalslaug Pool:<\/strong> Dalslaug har en 25 meter lang udend\u00f8rs pool med seks baner, en indend\u00f8rs pool, boblebade, et koldtvandsbassin, et b\u00f8rnebassin og en sauna.<\/li>\n\n\n\n<li><strong>Grafarvogslaug Pool<\/strong>Grafarvogslaug tilbyder store udend\u00f8rs pools, vandrutsjebaner og en infrar\u00f8d sauna.<\/li>\n\n\n\n<li><strong>Kl\u00e9bergslaug Pool<\/strong>Kl\u00e9bergslaug er et mindre, hyggeligt sv\u00f8mmebad i en rolig del af byen. Her er boblebad, vandrutsjebane til b\u00f8rn og et familievenligt milj\u00f8.<\/li>\n\n\n\n<li><strong>Laugardalslaug Pool<\/strong>Laugardalslaug er Reykjaviks st\u00f8rste poolkompleks med flere udend\u00f8rs og indend\u00f8rs pools, spabade, dampbade og vandrutsjebaner. Perfekt for alle aldre.<\/li>\n\n\n\n<li><strong>Sundh\u00f6llin Pool<\/strong>Sundh\u00f6llin, en af Reykjaviks \u00e6ldste pools, tilbyder indend\u00f8rs og udend\u00f8rs pools, spabade og en sauna.<\/li>\n\n\n\n<li><strong>Vesturb\u00e6jarlaug Pool<\/strong>Vesturb\u00e6jarlaug er et popul\u00e6rt kvartersbad med en hyggelig atmosf\u00e6re. Der er forskellige bassiner, spabade, dampbad og sauna, som er ideelle til afslapning.<\/li>\n<\/ol>\n\n\n<style>.wp-block-kadence-advancedbtn.kb-btns41_1c244e-01{gap:var(--global-kb-gap-xs, 0.5rem );justify-content:center;align-items:center;}.kt-btns41_1c244e-01 .kt-button{font-weight:normal;font-style:normal;}.kt-btns41_1c244e-01 .kt-btn-wrap-0{margin-right:5px;}.wp-block-kadence-advancedbtn.kt-btns41_1c244e-01 .kt-btn-wrap-0 .kt-button{color:#555555;border-color:#555555;}.wp-block-kadence-advancedbtn.kt-btns41_1c244e-01 .kt-btn-wrap-0 .kt-button:hover, .wp-block-kadence-advancedbtn.kt-btns41_1c244e-01 .kt-btn-wrap-0 .kt-button:focus{color:#ffffff;border-color:#444444;}.wp-block-kadence-advancedbtn.kt-btns41_1c244e-01 .kt-btn-wrap-0 .kt-button::before{display:none;}.wp-block-kadence-advancedbtn.kt-btns41_1c244e-01 .kt-btn-wrap-0 .kt-button:hover, .wp-block-kadence-advancedbtn.kt-btns41_1c244e-01 .kt-btn-wrap-0 .kt-button:focus{background:#444444;}<\/style>\n<div class=\"wp-block-kadence-advancedbtn kb-buttons-wrap kb-btns41_1c244e-01\"><style>ul.menu .wp-block-kadence-advancedbtn .kb-btn41_2bad0c-9a.kb-button{width:initial;}.wp-block-kadence-advancedbtn .kb-btn41_2bad0c-9a.kb-button{color:var(--base-3);background:#f39878;box-shadow:2px 2px 2px 2px rgba(0, 0, 0, 0.2);}.wp-block-kadence-advancedbtn .kb-btn41_2bad0c-9a.kb-button:hover, .wp-block-kadence-advancedbtn .kb-btn41_2bad0c-9a.kb-button:focus{color:var(--base-3);background:#f39878;}<\/style><a class=\"kb-button kt-button button kb-btn41_2bad0c-9a kt-btn-size-large kt-btn-width-type-auto kb-btn-global-fill  kt-btn-has-text-true kt-btn-has-svg-false  wp-block-kadence-singlebtn\" href=\"https:\/\/www.getyourguide.dk\/reykjavik-l30\/reykjavik-city-card-t69810\/?partner_id=B0910&amp;cmp=reykjavikcard&amp;mkt_cmp=true\" target=\"_blank\" rel=\"noreferrer noopener nofollow sponsored\"><span class=\"kt-btn-inner-text\">K\u00f8b Reykjavik-kort<\/span><\/a><\/div>\n\n\n\n<div style=\"height:30px\" aria-hidden=\"true\" class=\"wp-block-spacer\"><\/div>\n\n\n\n<p>Disse pools tilbyder en bred vifte af muligheder for afslapning og sjov, fra vandrutsjebaner og fitnessrum til boblebade og saunaer.<\/p>\n\n\n\n<p><a href=\"https:\/\/www.reykjavikcard.com\/da\/attraktioner-museer\/\" title=\"\">Gratis museer med Reykjavik-kortet kan findes her.<\/a><\/p>","protected":false},"excerpt":{"rendered":"<p>Med Reykjavik City Card kan du bes\u00f8ge op til syv termalbade gratis. De termiske bade er en vigtig del af den islandske kultur og dagligdag. Et bes\u00f8g giver mulighed for at l\u00e6re denne tradition at kende og fordybe sig i det lokale liv. Ud over de geotermiske bassiner tilbyder mange termiske bade ogs\u00e5 andre faciliteter som saunaer, dampbade og vandrutschebaner, som ... <a title=\"Termiske bassiner med Reykjavik-kortet\" class=\"read-more\" href=\"https:\/\/www.reykjavikcard.com\/da\/thermal-pools\/\" aria-label=\"L\u00e6s mere om termiske pools med Reykjavik-kortet\">L\u00e6s mere <\/a><\/p>","protected":false},"author":1,"featured_media":0,"parent":0,"menu_order":0,"comment_status":"closed","ping_status":"closed","template":"","meta":{"footnotes":""},"class_list":["post-41","page","type-page","status-publish"],"aioseo_notices":[],"_links":{"self":[{"href":"https:\/\/www.reykjavikcard.com\/da\/wp-json\/wp\/v2\/pages\/41","targetHints":{"allow":["GET"]}}],"collection":[{"href":"https:\/\/www.reykjavikcard.com\/da\/wp-json\/wp\/v2\/pages"}],"about":[{"href":"https:\/\/www.reykjavikcard.com\/da\/wp-json\/wp\/v2\/types\/page"}],"author":[{"embeddable":true,"href":"https:\/\/www.reykjavikcard.com\/da\/wp-json\/wp\/v2\/users\/1"}],"replies":[{"embeddable":true,"href":"https:\/\/www.reykjavikcard.com\/da\/wp-json\/wp\/v2\/comments?post=41"}],"version-history":[{"count":5,"href":"https:\/\/www.reykjavikcard.com\/da\/wp-json\/wp\/v2\/pages\/41\/revisions"}],"predecessor-version":[{"id":253,"href":"https:\/\/www.reykjavikcard.com\/da\/wp-json\/wp\/v2\/pages\/41\/revisions\/253"}],"wp:attachment":[{"href":"https:\/\/www.reykjavikcard.com\/da\/wp-json\/wp\/v2\/media?parent=41"}],"curies":[{"name":"wp","href":"https:\/\/api.w.org\/{rel}","templated":true}]}}