{"id":28,"date":"2024-06-26T07:01:13","date_gmt":"2024-06-26T07:01:13","guid":{"rendered":"https:\/\/www.reykjavikcard.com\/?page_id=28"},"modified":"2025-06-24T08:27:51","modified_gmt":"2025-06-24T08:27:51","slug":"faq","status":"publish","type":"page","link":"https:\/\/www.reykjavikcard.com\/de\/faq\/","title":{"rendered":"FAQ zur Reykjavik City Card"},"content":{"rendered":"<style>.kt-accordion-id28_24a9e1-d8 .kt-accordion-inner-wrap{column-gap:var(--global-kb-gap-md, 2rem);row-gap:8px;}.kt-accordion-id28_24a9e1-d8 .kt-accordion-panel-inner{padding-top:var(--global-kb-spacing-sm, 1.5rem);padding-right:var(--global-kb-spacing-sm, 1.5rem);padding-bottom:var(--global-kb-spacing-sm, 1.5rem);padding-left:var(--global-kb-spacing-sm, 1.5rem);}.kt-accordion-id28_24a9e1-d8 > .kt-accordion-inner-wrap > .wp-block-kadence-pane > .kt-accordion-header-wrap > .kt-blocks-accordion-header{border-top:0px solid #f2f2f2;border-right:0px solid #f2f2f2;border-bottom:0px solid #f2f2f2;border-left:0px solid #f2f2f2;border-top-left-radius:0px;border-top-right-radius:0px;border-bottom-right-radius:0px;border-bottom-left-radius:0px;background:#f39878;color:var(--base-3);padding-top:10px;padding-right:14px;padding-bottom:10px;padding-left:14px;}.kt-accordion-id28_24a9e1-d8:not( .kt-accodion-icon-style-basiccircle ):not( .kt-accodion-icon-style-xclosecircle ):not( .kt-accodion-icon-style-arrowcircle )  > .kt-accordion-inner-wrap > .wp-block-kadence-pane > .kt-accordion-header-wrap .kt-blocks-accordion-icon-trigger:after, .kt-accordion-id28_24a9e1-d8:not( .kt-accodion-icon-style-basiccircle ):not( .kt-accodion-icon-style-xclosecircle ):not( .kt-accodion-icon-style-arrowcircle )  > .kt-accordion-inner-wrap > .wp-block-kadence-pane > .kt-accordion-header-wrap .kt-blocks-accordion-icon-trigger:before{background:var(--base-3);}.kt-accordion-id28_24a9e1-d8:not( .kt-accodion-icon-style-basic ):not( .kt-accodion-icon-style-xclose ):not( .kt-accodion-icon-style-arrow ) .kt-blocks-accordion-icon-trigger{background:var(--base-3);}.kt-accordion-id28_24a9e1-d8:not( .kt-accodion-icon-style-basic ):not( .kt-accodion-icon-style-xclose ):not( .kt-accodion-icon-style-arrow ) .kt-blocks-accordion-icon-trigger:after, .kt-accordion-id28_24a9e1-d8:not( .kt-accodion-icon-style-basic ):not( .kt-accodion-icon-style-xclose ):not( .kt-accodion-icon-style-arrow ) .kt-blocks-accordion-icon-trigger:before{background:#f39878;}.kt-accordion-id28_24a9e1-d8 > .kt-accordion-inner-wrap > .wp-block-kadence-pane > .kt-accordion-header-wrap > .kt-blocks-accordion-header:hover, \n\t\t\t\tbody:not(.hide-focus-outline) .kt-accordion-id28_24a9e1-d8 .kt-blocks-accordion-header:focus-visible{color:var(--base-3);background:#f39878;border-top-color:#eeeeee;border-top-style:solid;border-right-color:#eeeeee;border-right-style:solid;border-bottom-color:#eeeeee;border-bottom-style:solid;border-left-color:#eeeeee;border-left-style:solid;}.kt-accordion-id28_24a9e1-d8:not( .kt-accodion-icon-style-basiccircle ):not( .kt-accodion-icon-style-xclosecircle ):not( .kt-accodion-icon-style-arrowcircle ) .kt-accordion-header-wrap .kt-blocks-accordion-header:hover .kt-blocks-accordion-icon-trigger:after, .kt-accordion-id28_24a9e1-d8:not( .kt-accodion-icon-style-basiccircle ):not( .kt-accodion-icon-style-xclosecircle ):not( .kt-accodion-icon-style-arrowcircle ) .kt-accordion-header-wrap .kt-blocks-accordion-header:hover .kt-blocks-accordion-icon-trigger:before, body:not(.hide-focus-outline) .kt-accordion-id28_24a9e1-d8:not( .kt-accodion-icon-style-basiccircle ):not( .kt-accodion-icon-style-xclosecircle ):not( .kt-accodion-icon-style-arrowcircle ) .kt-blocks-accordion--visible .kt-blocks-accordion-icon-trigger:after, body:not(.hide-focus-outline) .kt-accordion-id28_24a9e1-d8:not( .kt-accodion-icon-style-basiccircle ):not( .kt-accodion-icon-style-xclosecircle ):not( .kt-accodion-icon-style-arrowcircle ) .kt-blocks-accordion-header:focus-visible .kt-blocks-accordion-icon-trigger:before{background:var(--base-3);}.kt-accordion-id28_24a9e1-d8:not( .kt-accodion-icon-style-basic ):not( .kt-accodion-icon-style-xclose ):not( .kt-accodion-icon-style-arrow ) .kt-accordion-header-wrap .kt-blocks-accordion-header:hover .kt-blocks-accordion-icon-trigger, body:not(.hide-focus-outline) .kt-accordion-id28_24a9e1-d8:not( .kt-accodion-icon-style-basic ):not( .kt-accodion-icon-style-xclose ):not( .kt-accodion-icon-style-arrow ) .kt-accordion-header-wrap .kt-blocks-accordion-header:focus-visible .kt-blocks-accordion-icon-trigger{background:var(--base-3);}.kt-accordion-id28_24a9e1-d8:not( .kt-accodion-icon-style-basic ):not( .kt-accodion-icon-style-xclose ):not( .kt-accodion-icon-style-arrow ) .kt-accordion-header-wrap .kt-blocks-accordion-header:hover .kt-blocks-accordion-icon-trigger:after, .kt-accordion-id28_24a9e1-d8:not( .kt-accodion-icon-style-basic ):not( .kt-accodion-icon-style-xclose ):not( .kt-accodion-icon-style-arrow ) .kt-accordion-header-wrap .kt-blocks-accordion-header:hover .kt-blocks-accordion-icon-trigger:before, body:not(.hide-focus-outline) .kt-accordion-id28_24a9e1-d8:not( .kt-accodion-icon-style-basic ):not( .kt-accodion-icon-style-xclose ):not( .kt-accodion-icon-style-arrow ) .kt-accordion-header-wrap .kt-blocks-accordion-header:focus-visible .kt-blocks-accordion-icon-trigger:after, body:not(.hide-focus-outline) .kt-accordion-id28_24a9e1-d8:not( .kt-accodion-icon-style-basic ):not( .kt-accodion-icon-style-xclose ):not( .kt-accodion-icon-style-arrow ) .kt-accordion-header-wrap .kt-blocks-accordion-header:focus-visible .kt-blocks-accordion-icon-trigger:before{background:#f39878;}.kt-accordion-id28_24a9e1-d8 .kt-accordion-header-wrap .kt-blocks-accordion-header:focus-visible,\n\t\t\t\t.kt-accordion-id28_24a9e1-d8 > .kt-accordion-inner-wrap > .wp-block-kadence-pane > .kt-accordion-header-wrap > .kt-blocks-accordion-header.kt-accordion-panel-active{color:#ffffff;background:#f39878;border-top-color:#444444;border-top-style:solid;border-right-color:#444444;border-right-style:solid;border-bottom-color:#444444;border-bottom-style:solid;border-left-color:#444444;border-left-style:solid;}.kt-accordion-id28_24a9e1-d8:not( .kt-accodion-icon-style-basiccircle ):not( .kt-accodion-icon-style-xclosecircle ):not( .kt-accodion-icon-style-arrowcircle )  > .kt-accordion-inner-wrap > .wp-block-kadence-pane > .kt-accordion-header-wrap > .kt-blocks-accordion-header.kt-accordion-panel-active .kt-blocks-accordion-icon-trigger:after, .kt-accordion-id28_24a9e1-d8:not( .kt-accodion-icon-style-basiccircle ):not( .kt-accodion-icon-style-xclosecircle ):not( .kt-accodion-icon-style-arrowcircle )  > .kt-accordion-inner-wrap > .wp-block-kadence-pane > .kt-accordion-header-wrap > .kt-blocks-accordion-header.kt-accordion-panel-active .kt-blocks-accordion-icon-trigger:before{background:#ffffff;}.kt-accordion-id28_24a9e1-d8:not( .kt-accodion-icon-style-basic ):not( .kt-accodion-icon-style-xclose ):not( .kt-accodion-icon-style-arrow ) .kt-blocks-accordion-header.kt-accordion-panel-active .kt-blocks-accordion-icon-trigger{background:#ffffff;}.kt-accordion-id28_24a9e1-d8:not( .kt-accodion-icon-style-basic ):not( .kt-accodion-icon-style-xclose ):not( .kt-accodion-icon-style-arrow ) .kt-blocks-accordion-header.kt-accordion-panel-active .kt-blocks-accordion-icon-trigger:after, .kt-accordion-id28_24a9e1-d8:not( .kt-accodion-icon-style-basic ):not( .kt-accodion-icon-style-xclose ):not( .kt-accodion-icon-style-arrow ) .kt-blocks-accordion-header.kt-accordion-panel-active .kt-blocks-accordion-icon-trigger:before{background:#f39878;}@media all and (max-width: 1024px){.kt-accordion-id28_24a9e1-d8 > .kt-accordion-inner-wrap > .wp-block-kadence-pane > .kt-accordion-header-wrap > .kt-blocks-accordion-header{border-top:0px solid #f2f2f2;border-right:0px solid #f2f2f2;border-bottom:0px solid #f2f2f2;border-left:0px solid #f2f2f2;}}@media all and (max-width: 1024px){.kt-accordion-id28_24a9e1-d8 > .kt-accordion-inner-wrap > .wp-block-kadence-pane > .kt-accordion-header-wrap > .kt-blocks-accordion-header:hover, \n\t\t\t\tbody:not(.hide-focus-outline) .kt-accordion-id28_24a9e1-d8 .kt-blocks-accordion-header:focus-visible{border-top-color:#eeeeee;border-top-style:solid;border-right-color:#eeeeee;border-right-style:solid;border-bottom-color:#eeeeee;border-bottom-style:solid;border-left-color:#eeeeee;border-left-style:solid;}}@media all and (max-width: 1024px){.kt-accordion-id28_24a9e1-d8 .kt-accordion-header-wrap .kt-blocks-accordion-header:focus-visible,\n\t\t\t\t.kt-accordion-id28_24a9e1-d8 > .kt-accordion-inner-wrap > .wp-block-kadence-pane > .kt-accordion-header-wrap > .kt-blocks-accordion-header.kt-accordion-panel-active{border-top-color:#444444;border-top-style:solid;border-right-color:#444444;border-right-style:solid;border-bottom-color:#444444;border-bottom-style:solid;border-left-color:#444444;border-left-style:solid;}}@media all and (max-width: 767px){.kt-accordion-id28_24a9e1-d8 .kt-accordion-inner-wrap{display:block;}.kt-accordion-id28_24a9e1-d8 .kt-accordion-inner-wrap .kt-accordion-pane:not(:first-child){margin-top:8px;}.kt-accordion-id28_24a9e1-d8 > .kt-accordion-inner-wrap > .wp-block-kadence-pane > .kt-accordion-header-wrap > .kt-blocks-accordion-header{border-top:0px solid #f2f2f2;border-right:0px solid #f2f2f2;border-bottom:0px solid #f2f2f2;border-left:0px solid #f2f2f2;}.kt-accordion-id28_24a9e1-d8 > .kt-accordion-inner-wrap > .wp-block-kadence-pane > .kt-accordion-header-wrap > .kt-blocks-accordion-header:hover, \n\t\t\t\tbody:not(.hide-focus-outline) .kt-accordion-id28_24a9e1-d8 .kt-blocks-accordion-header:focus-visible{border-top-color:#eeeeee;border-top-style:solid;border-right-color:#eeeeee;border-right-style:solid;border-bottom-color:#eeeeee;border-bottom-style:solid;border-left-color:#eeeeee;border-left-style:solid;}.kt-accordion-id28_24a9e1-d8 .kt-accordion-header-wrap .kt-blocks-accordion-header:focus-visible,\n\t\t\t\t.kt-accordion-id28_24a9e1-d8 > .kt-accordion-inner-wrap > .wp-block-kadence-pane > .kt-accordion-header-wrap > .kt-blocks-accordion-header.kt-accordion-panel-active{border-top-color:#444444;border-top-style:solid;border-right-color:#444444;border-right-style:solid;border-bottom-color:#444444;border-bottom-style:solid;border-left-color:#444444;border-left-style:solid;}}<\/style>\n<div class=\"wp-block-kadence-accordion alignnone\"><div class=\"kt-accordion-wrap kt-accordion-id28_24a9e1-d8 kt-accordion-has-13-panes kt-active-pane-0 kt-accordion-block kt-pane-header-alignment-left kt-accodion-icon-style-basic kt-accodion-icon-side-right\" style=\"max-width:none\"><div class=\"kt-accordion-inner-wrap\" data-allow-multiple-open=\"false\" data-start-open=\"0\">\n<div class=\"wp-block-kadence-pane kt-accordion-pane kt-accordion-pane-1 kt-pane28_2136bd-86\"><div class=\"kt-accordion-header-wrap\"><button class=\"kt-blocks-accordion-header kt-acccordion-button-label-show\" type=\"button\"><span class=\"kt-blocks-accordion-title-wrap\"><span class=\"kt-blocks-accordion-title\">Was ist die Reykjavik City Card?<\/span><\/span><span class=\"kt-blocks-accordion-icon-trigger\"><\/span><\/button><\/div><div class=\"kt-accordion-panel kt-accordion-panel-hidden\"><div class=\"kt-accordion-panel-inner\">\n<p>Die Reykjavik City Card ist eine Touristenkarte, die kostenfreien Eintritt zu vielen Museen und Attraktionen in Reykjavik, unbegrenzte Fahrten mit den Stadtbussen und Rabatte auf verschiedene Touren und Dienstleistungen bietet.<\/p>\n<\/div><\/div><\/div>\n\n\n\n<div class=\"wp-block-kadence-pane kt-accordion-pane kt-accordion-pane-3 kt-pane28_adb248-47\"><div class=\"kt-accordion-header-wrap\"><button class=\"kt-blocks-accordion-header kt-acccordion-button-label-show\" type=\"button\"><span class=\"kt-blocks-accordion-title-wrap\"><span class=\"kt-blocks-accordion-title\">Welche G\u00fcltigkeitsdauer hat die Reykjavik City Card?<\/span><\/span><span class=\"kt-blocks-accordion-icon-trigger\"><\/span><\/button><\/div><div class=\"kt-accordion-panel kt-accordion-panel-hidden\"><div class=\"kt-accordion-panel-inner\">\n<p>Die Reykjavik City Card ist in drei Varianten erh\u00e4ltlich: 24 Stunden, 48 Stunden und 72 Stunden. Die G\u00fcltigkeitsdauer beginnt mit der ersten Nutzung der Karte.<\/p>\n<\/div><\/div><\/div>\n\n\n\n<div class=\"wp-block-kadence-pane kt-accordion-pane kt-accordion-pane-4 kt-pane28_444eaa-f6\"><div class=\"kt-accordion-header-wrap\"><button class=\"kt-blocks-accordion-header kt-acccordion-button-label-show\" type=\"button\"><span class=\"kt-blocks-accordion-title-wrap\"><span class=\"kt-blocks-accordion-title\">Wo kann ich die Reykjavik City Card kaufen?<\/span><\/span><span class=\"kt-blocks-accordion-icon-trigger\"><\/span><\/button><\/div><div class=\"kt-accordion-panel kt-accordion-panel-hidden\"><div class=\"kt-accordion-panel-inner\">\n<p>Die Reykjavik City Card kann bei einigen teilnehmenden Museen erworben werden. Sie k\u00f6nnen die Karte auch online kaufen und dann an einer dieser Stellen abholen.<\/p>\n<\/div><\/div><\/div>\n\n\n\n<div class=\"wp-block-kadence-pane kt-accordion-pane kt-accordion-pane-5 kt-pane28_f7279c-05\"><div class=\"kt-accordion-header-wrap\"><button class=\"kt-blocks-accordion-header kt-acccordion-button-label-show\" type=\"button\"><span class=\"kt-blocks-accordion-title-wrap\"><span class=\"kt-blocks-accordion-title\">Was ist im Preis der Reykjavik City Card enthalten?<\/span><\/span><span class=\"kt-blocks-accordion-icon-trigger\"><\/span><\/button><\/div><div class=\"kt-accordion-panel kt-accordion-panel-hidden\"><div class=\"kt-accordion-panel-inner\">\n<p>Die Karte umfasst:<\/p>\n\n\n\n<ul class=\"wp-block-list\">\n<li>Freien Eintritt in einige Museen und Galerien<\/li>\n\n\n\n<li>Freien Eintritt zu \u00f6ffentlichen Schwimmb\u00e4dern und Thermalb\u00e4dern<\/li>\n\n\n\n<li>Unbegrenzte Fahrten mit den Stadtbussen in Reykjavik<\/li>\n\n\n\n<li>Freie Nutzung der F\u00e4hre zur Insel Vi\u00f0ey<\/li>\n\n\n\n<li>Rabatte auf bestimmte Touren, Restaurants und Gesch\u00e4fte<\/li>\n<\/ul>\n<\/div><\/div><\/div>\n\n\n\n<div class=\"wp-block-kadence-pane kt-accordion-pane kt-accordion-pane-6 kt-pane28_5b73f4-87\"><div class=\"kt-accordion-header-wrap\"><button class=\"kt-blocks-accordion-header kt-acccordion-button-label-show\" type=\"button\"><span class=\"kt-blocks-accordion-title-wrap\"><span class=\"kt-blocks-accordion-title\">Welche Museen und Attraktionen sind im Preis der Reykjavik City Card enthalten?<\/span><\/span><span class=\"kt-blocks-accordion-icon-trigger\"><\/span><\/button><\/div><div class=\"kt-accordion-panel kt-accordion-panel-hidden\"><div class=\"kt-accordion-panel-inner\">\n<p>&nbsp;Einige der enthaltenen Museen und Attraktionen sind:<\/p>\n\n\n\n<ul class=\"wp-block-list\">\n<li>National Gallery of Iceland<\/li>\n\n\n\n<li>National Museum of Iceland<\/li>\n\n\n\n<li>Reykjavik City Museum \u2013 \u00c1rb\u00e6r Open Air Museum<\/li>\n\n\n\n<li>Reykjavik City Museum \u2013 Maritime Museum<\/li>\n\n\n\n<li>Reykjavik Art Museum \u2013 Hafnarh\u00fas<\/li>\n\n\n\n<li>Reykjavik Zoo and Family Park<\/li>\n\n\n\n<li>House of Collections<\/li>\n\n\n\n<li>Sigurj\u00f3n \u00d3lafsson Museum<\/li>\n<\/ul>\n\n\n\n<p><a href=\"https:\/\/www.reykjavikcard.com\/attraktionen-museen\" title=\"\">Eine vollst\u00e4ndige Liste finden Sie hier.<\/a><\/p>\n<\/div><\/div><\/div>\n\n\n\n<div class=\"wp-block-kadence-pane kt-accordion-pane kt-accordion-pane-7 kt-pane28_c02f30-b4\"><div class=\"kt-accordion-header-wrap\"><button class=\"kt-blocks-accordion-header kt-acccordion-button-label-show\" type=\"button\"><span class=\"kt-blocks-accordion-title-wrap\"><span class=\"kt-blocks-accordion-title\">Gibt es Attraktionen, die nicht von der Reykjavik City Card abgedeckt werden?<\/span><\/span><span class=\"kt-blocks-accordion-icon-trigger\"><\/span><\/button><\/div><div class=\"kt-accordion-panel kt-accordion-panel-hidden\"><div class=\"kt-accordion-panel-inner\">\n<p>Ja, einige bekannte Attraktionen sind nicht abgedeckt, darunter:<\/p>\n\n\n\n<ul class=\"wp-block-list\">\n<li>Hallgr\u00edmskirkja (Turmaufstieg)<\/li>\n\n\n\n<li>Blue Lagoon<\/li>\n\n\n\n<li>FlyOver Iceland<\/li>\n\n\n\n<li>Walbeobachtungstour<\/li>\n\n\n\n<li>Golden Circle Tour<\/li>\n\n\n\n<li>Hop-on\/Hop-off-Bus<\/li>\n<\/ul>\n<\/div><\/div><\/div>\n\n\n\n<div class=\"wp-block-kadence-pane kt-accordion-pane kt-accordion-pane-8 kt-pane28_0d9dfc-d0\"><div class=\"kt-accordion-header-wrap\"><button class=\"kt-blocks-accordion-header kt-acccordion-button-label-show\" type=\"button\"><span class=\"kt-blocks-accordion-title-wrap\"><span class=\"kt-blocks-accordion-title\">Kann die Reykjavik City Card f\u00fcr den Transport zum Flughafen genutzt werden?<\/span><\/span><span class=\"kt-blocks-accordion-icon-trigger\"><\/span><\/button><\/div><div class=\"kt-accordion-panel kt-accordion-panel-hidden\"><div class=\"kt-accordion-panel-inner\">\n<p>Nein, die Reykjavik City Card deckt keine Fahrten mit der Buslinie 55 zum Flughafen Keflavik ab. Ein separates Ticket ist erforderlich. <\/p>\n\n\n\n<p><strong>Tipp:<\/strong> <a href=\"https:\/\/www.getyourguide.de\/reykjavik-l30\/reykjavik-shuttle-bus-transfer-zumvom-flughafen-keflavik-t400146\/?partner_id=B0910&amp;cmp=reykjavikcard&amp;mkt_cmp=true\" target=\"_blank\" rel=\"noopener nofollow sponsored\" title=\"\">Buchen Sie hier ein Ticket f\u00fcr den Flughafenbus.<\/a><\/p>\n<\/div><\/div><\/div>\n\n\n\n<div class=\"wp-block-kadence-pane kt-accordion-pane kt-accordion-pane-9 kt-pane28_9e1c57-dd\"><div class=\"kt-accordion-header-wrap\"><button class=\"kt-blocks-accordion-header kt-acccordion-button-label-show\" type=\"button\"><span class=\"kt-blocks-accordion-title-wrap\"><span class=\"kt-blocks-accordion-title\">Wie aktiviere ich meine Reykjavik City Card?<\/span><\/span><span class=\"kt-blocks-accordion-icon-trigger\"><\/span><\/button><\/div><div class=\"kt-accordion-panel kt-accordion-panel-hidden\"><div class=\"kt-accordion-panel-inner\">\n<p>Die Karte wird bei der ersten Nutzung aktiviert. <\/p>\n<\/div><\/div><\/div>\n\n\n\n<div class=\"wp-block-kadence-pane kt-accordion-pane kt-accordion-pane-10 kt-pane28_435e0f-d4\"><div class=\"kt-accordion-header-wrap\"><button class=\"kt-blocks-accordion-header kt-acccordion-button-label-show\" type=\"button\"><span class=\"kt-blocks-accordion-title-wrap\"><span class=\"kt-blocks-accordion-title\">Kann ich die Reykjavik City Card auch f\u00fcr Kinder kaufen?<\/span><\/span><span class=\"kt-blocks-accordion-icon-trigger\"><\/span><\/button><\/div><div class=\"kt-accordion-panel kt-accordion-panel-hidden\"><div class=\"kt-accordion-panel-inner\">\n<p>Nein, f\u00fcr Kinder gibt es keine erm\u00e4\u00dfigte City Card. Der Eintritt zu den Museen ist f\u00fcr Personen unter 18 Jahren kostenlos. Je nach Alter des Kindes kann jedoch eine geringe Geb\u00fchr f\u00fcr die st\u00e4dtischen Busdienste, die Thermalb\u00e4der und den Reykjav\u00edk Familienpark und Zoo anfallen.<\/p>\n<\/div><\/div><\/div>\n\n\n\n<div class=\"wp-block-kadence-pane kt-accordion-pane kt-accordion-pane-12 kt-pane28_a2d4db-64\"><div class=\"kt-accordion-header-wrap\"><button class=\"kt-blocks-accordion-header kt-acccordion-button-label-show\" type=\"button\"><span class=\"kt-blocks-accordion-title-wrap\"><span class=\"kt-blocks-accordion-title\">Lohnt sich die City Card f\u00fcr Senioren?<\/span><\/span><span class=\"kt-blocks-accordion-icon-trigger\"><\/span><\/button><\/div><div class=\"kt-accordion-panel kt-accordion-panel-hidden\"><div class=\"kt-accordion-panel-inner\">\n<p>\u00c4ltere Besucher (67+) m\u00fcssen keinen Eintritt zu den Thermalb\u00e4dern in Reykjav\u00edk zahlen. Zudem bieten das Nationalmuseum, das Kulturhaus und die Nationalgalerie von Island Senioren ab 67 Jahren einen Rabatt in H\u00f6he von 50% auf den Eintrittspreis. Demzufolge lohnt sich die Reykjavik Card f\u00fcr Personen in diesem Alter weniger.<\/p>\n<\/div><\/div><\/div>\n\n\n\n<div class=\"wp-block-kadence-pane kt-accordion-pane kt-accordion-pane-11 kt-pane28_58aa07-1a\"><div class=\"kt-accordion-header-wrap\"><button class=\"kt-blocks-accordion-header kt-acccordion-button-label-show\" type=\"button\"><span class=\"kt-blocks-accordion-title-wrap\"><span class=\"kt-blocks-accordion-title\">Wo kann ich die Reykjavik Card abholen?<\/span><\/span><span class=\"kt-blocks-accordion-icon-trigger\"><\/span><\/button><\/div><div class=\"kt-accordion-panel kt-accordion-panel-hidden\"><div class=\"kt-accordion-panel-inner\">\n<p>An den folgenden Orten k\u00f6nnen Sie Ihren digitalen Voucher gegen die physische City Card eintauschen:<\/p>\n\n\n\n<ul class=\"wp-block-list\">\n<li><strong>Reykjav\u00edk Kunstmuseum \u00c1smundarsafn<\/strong>&nbsp;(T\u00e4glich ge\u00f6ffnet: 10:00 \u2013 17:00)<\/li>\n\n\n\n<li><strong>Reykjav\u00edker Kunstmuseum Hafnarh\u00fas<\/strong>&nbsp;(T\u00e4glich ge\u00f6ffnet: 10:00 \u2013 17:00)<\/li>\n\n\n\n<li><strong>Reykjav\u00edker Kunstmuseum Kjarvalssta\u00f0ir<\/strong>&nbsp;(T\u00e4glich ge\u00f6ffnet: 10:00 \u2013 17:00)<\/li>\n\n\n\n<li><strong>Stadtmuseum Reykjav\u00edk \u00c1rb\u00e6r Freilichtmuseum<\/strong>&nbsp;(T\u00e4glich ge\u00f6ffnet: 13:00 \u2013 17:00)<\/li>\n\n\n\n<li><strong>Stadtmuseum Reykjav\u00edk Schifffahrtsmuseum<\/strong>&nbsp;(T\u00e4glich ge\u00f6ffnet: 10:00 \u2013 17:00)<\/li>\n\n\n\n<li><strong>Reykjav\u00edk City Museum Museum of Photography<\/strong>&nbsp;(T\u00e4glich ge\u00f6ffnet: 10:00 \u2013 17:00)<\/li>\n\n\n\n<li><strong><strong>Reykjav\u00edk City Museum Museum of Photography<\/strong><\/strong>&nbsp;(T\u00e4glich ge\u00f6ffnet: 10:00 \u2013 18:00)<\/li>\n<\/ul>\n\n\n\n<p>Bitte beachten Sie, dass die \u00d6ffnungszeiten an Feiertagen variieren k\u00f6nnen.<\/p>\n<\/div><\/div><\/div>\n\n\n\n<div class=\"wp-block-kadence-pane kt-accordion-pane kt-accordion-pane-13 kt-pane28_2a4480-e3\"><div class=\"kt-accordion-header-wrap\"><button class=\"kt-blocks-accordion-header kt-acccordion-button-label-show\" type=\"button\"><span class=\"kt-blocks-accordion-title-wrap\"><span class=\"kt-blocks-accordion-title\">Kann ich den Kauf kostenfrei stornieren?<\/span><\/span><span class=\"kt-blocks-accordion-icon-trigger\"><\/span><\/button><\/div><div class=\"kt-accordion-panel kt-accordion-panel-hidden\"><div class=\"kt-accordion-panel-inner\">\n<p>Ja, Sie k\u00f6nnen die Reykjavik Card kostenfrei stornieren, wenn Sie sie bei unserem Partner&nbsp;GetYourGuide&nbsp;kaufen. Dort gilt eine Frist von 24 Stunden vor dem Datum, das Sie beim Kauf angeben.<\/p>\n<\/div><\/div><\/div>\n<\/div><\/div><\/div>\n","protected":false},"excerpt":{"rendered":"","protected":false},"author":1,"featured_media":0,"parent":0,"menu_order":0,"comment_status":"closed","ping_status":"closed","template":"","meta":{"footnotes":""},"class_list":["post-28","page","type-page","status-publish"],"aioseo_notices":[],"_links":{"self":[{"href":"https:\/\/www.reykjavikcard.com\/de\/wp-json\/wp\/v2\/pages\/28","targetHints":{"allow":["GET"]}}],"collection":[{"href":"https:\/\/www.reykjavikcard.com\/de\/wp-json\/wp\/v2\/pages"}],"about":[{"href":"https:\/\/www.reykjavikcard.com\/de\/wp-json\/wp\/v2\/types\/page"}],"author":[{"embeddable":true,"href":"https:\/\/www.reykjavikcard.com\/de\/wp-json\/wp\/v2\/users\/1"}],"replies":[{"embeddable":true,"href":"https:\/\/www.reykjavikcard.com\/de\/wp-json\/wp\/v2\/comments?post=28"}],"version-history":[{"count":10,"href":"https:\/\/www.reykjavikcard.com\/de\/wp-json\/wp\/v2\/pages\/28\/revisions"}],"predecessor-version":[{"id":407,"href":"https:\/\/www.reykjavikcard.com\/de\/wp-json\/wp\/v2\/pages\/28\/revisions\/407"}],"wp:attachment":[{"href":"https:\/\/www.reykjavikcard.com\/de\/wp-json\/wp\/v2\/media?parent=28"}],"curies":[{"name":"wp","href":"https:\/\/api.w.org\/{rel}","templated":true}]}}