{"id":41,"date":"2024-06-26T07:48:07","date_gmt":"2024-06-26T07:48:07","guid":{"rendered":"https:\/\/www.reykjavikcard.com\/?page_id=41"},"modified":"2025-01-15T05:23:27","modified_gmt":"2025-01-15T05:23:27","slug":"thermal-pools","status":"publish","type":"page","link":"https:\/\/www.reykjavikcard.com\/de\/thermal-pools\/","title":{"rendered":"Thermal-Pools mit der Reykjavik Card"},"content":{"rendered":"\n<figure class=\"wp-block-image size-full\"><img loading=\"lazy\" decoding=\"async\" width=\"1000\" height=\"500\" src=\"https:\/\/www.reykjavikcard.com\/wp-content\/uploads\/2024\/06\/reykjavik-thermal-pool.png\" alt=\"\" class=\"wp-image-42\" srcset=\"https:\/\/www.reykjavikcard.com\/wp-content\/uploads\/2024\/06\/reykjavik-thermal-pool.png 1000w, https:\/\/www.reykjavikcard.com\/wp-content\/uploads\/2024\/06\/reykjavik-thermal-pool-300x150.png 300w, https:\/\/www.reykjavikcard.com\/wp-content\/uploads\/2024\/06\/reykjavik-thermal-pool-768x384.png 768w, https:\/\/www.reykjavikcard.com\/wp-content\/uploads\/2024\/06\/reykjavik-thermal-pool-18x9.png 18w\" sizes=\"auto, (max-width: 1000px) 100vw, 1000px\" \/><\/figure>\n\n\n\n<div style=\"height:30px\" aria-hidden=\"true\" class=\"wp-block-spacer\"><\/div>\n\n\n\n<p><strong>Mit der Reykjavik City Card k\u00f6nnen Sie bis zu sieben Thermalb\u00e4der kostenfrei besuchen.<\/strong> Thermalb\u00e4der sind ein wichtiger Bestandteil der isl\u00e4ndischen Kultur und des t\u00e4glichen Lebens. Ein Besuch bietet die M\u00f6glichkeit, diese Tradition kennenzulernen und in das lokale Leben einzutauchen.<\/p>\n\n\n\n<p>Viele Thermalb\u00e4der bieten neben den geothermischen Pools auch weitere Einrichtungen wie Saunen, Dampfb\u00e4der und Wasserrutschen, die f\u00fcr zus\u00e4tzlichen Spa\u00df und Entspannung sorgen. Somit sind die Thermal-Pools ideal f\u00fcr Familien. Sie bieten Bereiche f\u00fcr Kinder, einschlie\u00dflich flacher Becken und Spielpl\u00e4tze, sodass die ganze Familie gemeinsam eine sch\u00f6ne Zeit verbringen kann.<\/p>\n\n\n\n<p>Die folgenden Thermalb\u00e4der sind mit der Reykjavik City Card inklusive:<\/p>\n\n\n\n<ol class=\"wp-block-list\">\n<li><strong>\u00c1rb\u00e6jarlaug<\/strong>: \u00c1rb\u00e6jarlaug bietet Innen- und Au\u00dfenpools, Wasserrutschen und ein Kinderbecken. Es ist ein beliebtes Familienziel mit hervorragenden Einrichtungen.<\/li>\n\n\n\n<li><strong>Brei\u00f0holtslaug Pool<\/strong>: Brei\u00f0holtslaug verf\u00fcgt \u00fcber mehrere Becken, einschlie\u00dflich Whirlpools, Saunen und Wasserrutschen. Der Pool ist bekannt f\u00fcr seine entspannende Atmosph\u00e4re.<\/li>\n\n\n\n<li><strong>Dalslaug Pool:<\/strong> Dalslaug bietet ein 25-Meter-Au\u00dfenbecken mit sechs Bahnen, ein Innenbecken, Whirlpools, ein Kaltwasserbecken, ein Kinderbecken und eine Sauna.<\/li>\n\n\n\n<li><strong>Grafarvogslaug Pool<\/strong>: Grafarvogslaug bietet gro\u00dfe Au\u00dfenpools, Wasserrutschen und eine Infrarot-Sauna.<\/li>\n\n\n\n<li><strong>Kl\u00e9bergslaug Pool<\/strong>: Kl\u00e9bergslaug ist ein kleinerer, gem\u00fctlicher Pool in einem ruhigen Stadtteil. Er bietet Hot Tubs, eine Kinderwasserrutsche und ein familienfreundliches Umfeld.<\/li>\n\n\n\n<li><strong>Laugardalslaug Pool<\/strong>: Laugardalslaug ist Reykjaviks gr\u00f6\u00dfter Poolkomplex mit mehreren Au\u00dfen- und Innenbecken, Hot Tubs, Dampfb\u00e4dern und Wasserrutschen. Perfekt f\u00fcr alle Altersgruppen.<\/li>\n\n\n\n<li><strong>Sundh\u00f6llin Pool<\/strong>: Sundh\u00f6llin, einer der \u00e4ltesten Pools Reykjaviks und bietet jeweils einen Indoor- und Outdoor-Pool, Hot Tubs und eine Sauna.<\/li>\n\n\n\n<li><strong>Vesturb\u00e6jarlaug Pool<\/strong>: Vesturb\u00e6jarlaug ist ein beliebter Nachbarschaftspool mit gem\u00fctlicher Atmosph\u00e4re. Er bietet verschiedene Becken, Hot Tubs, ein Dampfbad und eine Sauna, ideal zum Entspannen.<\/li>\n<\/ol>\n\n\n<style>.wp-block-kadence-advancedbtn.kb-btns41_1c244e-01{gap:var(--global-kb-gap-xs, 0.5rem );justify-content:center;align-items:center;}.kt-btns41_1c244e-01 .kt-button{font-weight:normal;font-style:normal;}.kt-btns41_1c244e-01 .kt-btn-wrap-0{margin-right:5px;}.wp-block-kadence-advancedbtn.kt-btns41_1c244e-01 .kt-btn-wrap-0 .kt-button{color:#555555;border-color:#555555;}.wp-block-kadence-advancedbtn.kt-btns41_1c244e-01 .kt-btn-wrap-0 .kt-button:hover, .wp-block-kadence-advancedbtn.kt-btns41_1c244e-01 .kt-btn-wrap-0 .kt-button:focus{color:#ffffff;border-color:#444444;}.wp-block-kadence-advancedbtn.kt-btns41_1c244e-01 .kt-btn-wrap-0 .kt-button::before{display:none;}.wp-block-kadence-advancedbtn.kt-btns41_1c244e-01 .kt-btn-wrap-0 .kt-button:hover, .wp-block-kadence-advancedbtn.kt-btns41_1c244e-01 .kt-btn-wrap-0 .kt-button:focus{background:#444444;}<\/style>\n<div class=\"wp-block-kadence-advancedbtn kb-buttons-wrap kb-btns41_1c244e-01\"><style>ul.menu .wp-block-kadence-advancedbtn .kb-btn41_2bad0c-9a.kb-button{width:initial;}.wp-block-kadence-advancedbtn .kb-btn41_2bad0c-9a.kb-button{color:var(--base-3);background:#f39878;box-shadow:2px 2px 2px 2px rgba(0, 0, 0, 0.2);}.wp-block-kadence-advancedbtn .kb-btn41_2bad0c-9a.kb-button:hover, .wp-block-kadence-advancedbtn .kb-btn41_2bad0c-9a.kb-button:focus{color:var(--base-3);background:#f39878;}<\/style><a class=\"kb-button kt-button button kb-btn41_2bad0c-9a kt-btn-size-large kt-btn-width-type-auto kb-btn-global-fill  kt-btn-has-text-true kt-btn-has-svg-false  wp-block-kadence-singlebtn\" href=\"https:\/\/www.getyourguide.de\/reykjavik-l30\/reykjavik-city-karte-t69810\/?partner_id=B0910&#038;cmp=reykjavikcard&#038;mkt_cmp=true\" target=\"_blank\" rel=\"noreferrer noopener nofollow sponsored\"><span class=\"kt-btn-inner-text\">Reykjavik Card kaufen<\/span><\/a><\/div>\n\n\n\n<div style=\"height:30px\" aria-hidden=\"true\" class=\"wp-block-spacer\"><\/div>\n\n\n\n<p>Diese Pools bieten vielf\u00e4ltige M\u00f6glichkeiten f\u00fcr Erholung und Spa\u00df, von Wasserrutschen und Fitnessr\u00e4umen bis hin zu Whirlpools und Saunen.<\/p>\n\n\n\n<p><a href=\"https:\/\/www.reykjavikcard.com\/attraktionen-museen\" title=\"\">Kostenfreie Museen mit der Reykjavik Card finden Sie hier.<\/a><\/p>\n","protected":false},"excerpt":{"rendered":"<p>Mit der Reykjavik City Card k\u00f6nnen Sie bis zu sieben Thermalb\u00e4der kostenfrei besuchen. Thermalb\u00e4der sind ein wichtiger Bestandteil der isl\u00e4ndischen Kultur und des t\u00e4glichen Lebens. Ein Besuch bietet die M\u00f6glichkeit, diese Tradition kennenzulernen und in das lokale Leben einzutauchen. Viele Thermalb\u00e4der bieten neben den geothermischen Pools auch weitere Einrichtungen wie Saunen, Dampfb\u00e4der und Wasserrutschen, die &#8230; <a title=\"Thermal-Pools mit der Reykjavik Card\" class=\"read-more\" href=\"https:\/\/www.reykjavikcard.com\/de\/thermal-pools\/\" aria-label=\"Mehr Informationen \u00fcber Thermal-Pools mit der Reykjavik Card\">Weiterlesen<\/a><\/p>\n","protected":false},"author":1,"featured_media":0,"parent":0,"menu_order":0,"comment_status":"closed","ping_status":"closed","template":"","meta":{"footnotes":""},"class_list":["post-41","page","type-page","status-publish"],"aioseo_notices":[],"_links":{"self":[{"href":"https:\/\/www.reykjavikcard.com\/de\/wp-json\/wp\/v2\/pages\/41","targetHints":{"allow":["GET"]}}],"collection":[{"href":"https:\/\/www.reykjavikcard.com\/de\/wp-json\/wp\/v2\/pages"}],"about":[{"href":"https:\/\/www.reykjavikcard.com\/de\/wp-json\/wp\/v2\/types\/page"}],"author":[{"embeddable":true,"href":"https:\/\/www.reykjavikcard.com\/de\/wp-json\/wp\/v2\/users\/1"}],"replies":[{"embeddable":true,"href":"https:\/\/www.reykjavikcard.com\/de\/wp-json\/wp\/v2\/comments?post=41"}],"version-history":[{"count":5,"href":"https:\/\/www.reykjavikcard.com\/de\/wp-json\/wp\/v2\/pages\/41\/revisions"}],"predecessor-version":[{"id":253,"href":"https:\/\/www.reykjavikcard.com\/de\/wp-json\/wp\/v2\/pages\/41\/revisions\/253"}],"wp:attachment":[{"href":"https:\/\/www.reykjavikcard.com\/de\/wp-json\/wp\/v2\/media?parent=41"}],"curies":[{"name":"wp","href":"https:\/\/api.w.org\/{rel}","templated":true}]}}