{"id":36,"date":"2024-06-26T07:07:18","date_gmt":"2024-06-26T07:07:18","guid":{"rendered":"https:\/\/www.reykjavikcard.com\/?page_id=36"},"modified":"2025-06-24T08:25:41","modified_gmt":"2025-06-24T08:25:41","slug":"pongase-en-contacto-con","status":"publish","type":"page","link":"https:\/\/www.reykjavikcard.com\/es\/kontakt\/","title":{"rendered":"Contacto"},"content":{"rendered":"<p>ReykjavikCard.com no es un sitio web oficial. <\/p>\n\n\n\n<p>Aqu\u00ed encontrar\u00e1 los datos de contacto de Visit Reykjavik, emisor de la tarjeta Reykjavik City Card:<\/p>\n\n\n\n<p><strong>correo electr\u00f3nico:<\/strong> <a href=\"mailto:hello@visitreykjavik.is\" title=\"\">hello@visitreykjavik.is<\/a><\/p>\n\n\n\n<p><strong>P\u00e1gina web:<\/strong> <a href=\"https:\/\/visitreykjavik.is\/\" target=\"_blank\" rel=\"noreferrer noopener\">Visita Reikiavik<\/a><\/p>\n\n\n\n<p><strong>Facebook<\/strong>:&nbsp;<a href=\"https:\/\/www.facebook.com\/visitreykjavik\" target=\"_blank\" rel=\"noreferrer noopener\">Visite Reikiavik en Facebook<\/a><\/p>\n\n\n\n<p><strong>Instagram<\/strong>:&nbsp;<a href=\"https:\/\/www.instagram.com\/visitreykjavik\" target=\"_blank\" rel=\"noreferrer noopener\">Visita Reikiavik en Instagram<\/a><\/p>\n\n\n\n<p><strong>M\u00e1s informaci\u00f3n:<\/strong><br>Para obtener informaci\u00f3n detallada sobre la Reykjavik City Card, incluidos los puntos de venta, precios y ventajas, visite el sitio web oficial o p\u00f3ngase en contacto directamente con el equipo de Visit Reykjavik por correo electr\u00f3nico.<\/p>\n\n\n<style>.wp-block-kadence-spacer.kt-block-spacer-36_a322ca-11 .kt-block-spacer{height:60px;}.wp-block-kadence-spacer.kt-block-spacer-36_a322ca-11 .kt-divider{border-top-width:1px;height:1px;border-top-color:#eee;width:60%;border-top-style:solid;}<\/style>\n<div class=\"wp-block-kadence-spacer aligncenter kt-block-spacer-36_a322ca-11\"><div class=\"kt-block-spacer kt-block-spacer-halign-center\"><hr class=\"kt-divider\"\/><\/div><\/div>\n\n\n\n<p>Si ya ha comprado su Reykjavik Card en GetYourGuide, p\u00f3ngase en contacto con el servicio de atenci\u00f3n al cliente:<\/p>\n\n\n\n<p><strong>ConsigueTuGu\u00eda:<\/strong>&nbsp;<a href=\"https:\/\/www.getyourguide.com\/es-es\/contact\/\" target=\"_blank\" rel=\"noreferrer noopener\">Contacto<\/a><\/p>","protected":false},"excerpt":{"rendered":"<p>ReykjavikCard.com ist keine offizielle Website. Hier finden Sie die Kontaktdaten zu Visit Reykjavik, den Herausgeber der Reykjavik City Card: E-Mail: hello@visitreykjavik.is Website: Visit Reykjavik Facebook:&nbsp;Visit Reykjavik on Facebook Instagram:&nbsp;Visit Reykjavik on Instagram Zus\u00e4tzliche Informationen:F\u00fcr detaillierte Informationen zur Reykjavik City Card, einschlie\u00dflich Verkaufsstellen, Preise und Vorteile, besuchen Sie bitte die offizielle Website oder kontaktieren Sie das &#8230; <a title=\"Contacto\" class=\"read-more\" href=\"https:\/\/www.reykjavikcard.com\/es\/kontakt\/\" aria-label=\"Leer m\u00e1s sobre Contacto\">Vaciar m\u00e1s<\/a><\/p>","protected":false},"author":1,"featured_media":0,"parent":0,"menu_order":0,"comment_status":"closed","ping_status":"closed","template":"","meta":{"footnotes":""},"class_list":["post-36","page","type-page","status-publish"],"aioseo_notices":[],"_links":{"self":[{"href":"https:\/\/www.reykjavikcard.com\/es\/wp-json\/wp\/v2\/pages\/36","targetHints":{"allow":["GET"]}}],"collection":[{"href":"https:\/\/www.reykjavikcard.com\/es\/wp-json\/wp\/v2\/pages"}],"about":[{"href":"https:\/\/www.reykjavikcard.com\/es\/wp-json\/wp\/v2\/types\/page"}],"author":[{"embeddable":true,"href":"https:\/\/www.reykjavikcard.com\/es\/wp-json\/wp\/v2\/users\/1"}],"replies":[{"embeddable":true,"href":"https:\/\/www.reykjavikcard.com\/es\/wp-json\/wp\/v2\/comments?post=36"}],"version-history":[{"count":6,"href":"https:\/\/www.reykjavikcard.com\/es\/wp-json\/wp\/v2\/pages\/36\/revisions"}],"predecessor-version":[{"id":406,"href":"https:\/\/www.reykjavikcard.com\/es\/wp-json\/wp\/v2\/pages\/36\/revisions\/406"}],"wp:attachment":[{"href":"https:\/\/www.reykjavikcard.com\/es\/wp-json\/wp\/v2\/media?parent=36"}],"curies":[{"name":"wp","href":"https:\/\/api.w.org\/{rel}","templated":true}]}}