{"id":41,"date":"2024-06-26T07:48:07","date_gmt":"2024-06-26T07:48:07","guid":{"rendered":"https:\/\/www.reykjavikcard.com\/?page_id=41"},"modified":"2025-01-15T05:23:27","modified_gmt":"2025-01-15T05:23:27","slug":"piscinas-termales","status":"publish","type":"page","link":"https:\/\/www.reykjavikcard.com\/es\/thermal-pools\/","title":{"rendered":"Piscinas termales con la Reykjavik Card"},"content":{"rendered":"<figure class=\"wp-block-image size-full\"><img loading=\"lazy\" decoding=\"async\" width=\"1000\" height=\"500\" src=\"https:\/\/www.reykjavikcard.com\/wp-content\/uploads\/2024\/06\/reykjavik-thermal-pool.png\" alt=\"\" class=\"wp-image-42\" srcset=\"https:\/\/www.reykjavikcard.com\/wp-content\/uploads\/2024\/06\/reykjavik-thermal-pool.png 1000w, https:\/\/www.reykjavikcard.com\/wp-content\/uploads\/2024\/06\/reykjavik-thermal-pool-300x150.png 300w, https:\/\/www.reykjavikcard.com\/wp-content\/uploads\/2024\/06\/reykjavik-thermal-pool-768x384.png 768w, https:\/\/www.reykjavikcard.com\/wp-content\/uploads\/2024\/06\/reykjavik-thermal-pool-18x9.png 18w\" sizes=\"auto, (max-width: 1000px) 100vw, 1000px\" \/><\/figure>\n\n\n\n<div style=\"height:30px\" aria-hidden=\"true\" class=\"wp-block-spacer\"><\/div>\n\n\n\n<p><strong>Con la tarjeta Reykjavik City Card puede visitar hasta siete ba\u00f1os termales de forma gratuita.<\/strong> Los ba\u00f1os termales son una parte importante de la cultura y la vida cotidiana islandesas. Una visita ofrece la oportunidad de familiarizarse con esta tradici\u00f3n y sumergirse en la vida local.<\/p>\n\n\n\n<p>Adem\u00e1s de las piscinas geot\u00e9rmicas, muchos ba\u00f1os termales tambi\u00e9n ofrecen otras instalaciones como saunas, ba\u00f1os de vapor y toboganes de agua, que proporcionan diversi\u00f3n y relajaci\u00f3n adicionales. Esto hace que las piscinas termales sean ideales para familias. Ofrecen zonas para ni\u00f1os, incluidas piscinas poco profundas y zonas de juegos, para que toda la familia pueda pasarlo en grande junta.<\/p>\n\n\n\n<p>Los siguientes ba\u00f1os termales est\u00e1n incluidos en la tarjeta Reykjavik City Card:<\/p>\n\n\n\n<ol class=\"wp-block-list\">\n<li><strong>\u00c1rb\u00e6jarlaug<\/strong>\u00c1rb\u00e6jarlaug ofrece piscinas cubiertas y al aire libre, toboganes acu\u00e1ticos y una piscina infantil. Es un popular destino familiar con excelentes instalaciones.<\/li>\n\n\n\n<li><strong>Piscina Brei\u00f0holtslaug<\/strong>Brei\u00f0holtslaug cuenta con varias piscinas, que incluyen ba\u00f1eras de hidromasaje, saunas y toboganes acu\u00e1ticos. La piscina es conocida por su ambiente relajante.<\/li>\n\n\n\n<li><strong>Piscina Dalslaug:<\/strong> Dalslaug ofrece una piscina exterior de 25 metros con seis carriles, una piscina cubierta, ba\u00f1eras de hidromasaje, una piscina de agua fr\u00eda, una piscina infantil y una sauna.<\/li>\n\n\n\n<li><strong>Piscina Grafarvogslaug<\/strong>Grafarvogslaug ofrece grandes piscinas al aire libre, toboganes de agua y una sauna de infrarrojos.<\/li>\n\n\n\n<li><strong>Piscina Kl\u00e9bergslaug<\/strong>Kl\u00e9bergslaug es una piscina m\u00e1s peque\u00f1a y acogedora situada en una zona tranquila de la ciudad. Ofrece ba\u00f1eras de hidromasaje, un tobog\u00e1n infantil y un ambiente familiar.<\/li>\n\n\n\n<li><strong>Piscina Laugardalslaug<\/strong>Laugardalslaug es el mayor complejo de piscinas de Reikiavik, con varias piscinas cubiertas y al aire libre, jacuzzis, ba\u00f1os de vapor y toboganes acu\u00e1ticos. Perfecto para todas las edades.<\/li>\n\n\n\n<li><strong>Piscina Sundh\u00f6llin<\/strong>Sundh\u00f6llin, una de las piscinas m\u00e1s antiguas de Reikiavik, ofrece piscinas cubiertas y al aire libre, ba\u00f1eras de hidromasaje y una sauna.<\/li>\n\n\n\n<li><strong>Piscina Vesturb\u00e6jarlaug<\/strong>Vesturb\u00e6jarlaug es una popular piscina de barrio con un ambiente acogedor. Ofrece varias piscinas, ba\u00f1eras de hidromasaje, un ba\u00f1o de vapor y una sauna, ideales para relajarse.<\/li>\n<\/ol>\n\n\n<style>.wp-block-kadence-advancedbtn.kb-btns41_1c244e-01{gap:var(--global-kb-gap-xs, 0.5rem );justify-content:center;align-items:center;}.kt-btns41_1c244e-01 .kt-button{font-weight:normal;font-style:normal;}.kt-btns41_1c244e-01 .kt-btn-wrap-0{margin-right:5px;}.wp-block-kadence-advancedbtn.kt-btns41_1c244e-01 .kt-btn-wrap-0 .kt-button{color:#555555;border-color:#555555;}.wp-block-kadence-advancedbtn.kt-btns41_1c244e-01 .kt-btn-wrap-0 .kt-button:hover, .wp-block-kadence-advancedbtn.kt-btns41_1c244e-01 .kt-btn-wrap-0 .kt-button:focus{color:#ffffff;border-color:#444444;}.wp-block-kadence-advancedbtn.kt-btns41_1c244e-01 .kt-btn-wrap-0 .kt-button::before{display:none;}.wp-block-kadence-advancedbtn.kt-btns41_1c244e-01 .kt-btn-wrap-0 .kt-button:hover, .wp-block-kadence-advancedbtn.kt-btns41_1c244e-01 .kt-btn-wrap-0 .kt-button:focus{background:#444444;}<\/style>\n<div class=\"wp-block-kadence-advancedbtn kb-buttons-wrap kb-btns41_1c244e-01\"><style>ul.menu .wp-block-kadence-advancedbtn .kb-btn41_2bad0c-9a.kb-button{width:initial;}.wp-block-kadence-advancedbtn .kb-btn41_2bad0c-9a.kb-button{color:var(--base-3);background:#f39878;box-shadow:2px 2px 2px 2px rgba(0, 0, 0, 0.2);}.wp-block-kadence-advancedbtn .kb-btn41_2bad0c-9a.kb-button:hover, .wp-block-kadence-advancedbtn .kb-btn41_2bad0c-9a.kb-button:focus{color:var(--base-3);background:#f39878;}<\/style><a class=\"kb-button kt-button button kb-btn41_2bad0c-9a kt-btn-size-large kt-btn-width-type-auto kb-btn-global-fill  kt-btn-has-text-true kt-btn-has-svg-false  wp-block-kadence-singlebtn\" href=\"https:\/\/www.getyourguide.es\/reykjavik-l30\/reykjavik-city-card-t69810\/?partner_id=B0910&amp;cmp=reykjavikcard&amp;mkt_cmp=true\" target=\"_blank\" rel=\"noreferrer noopener nofollow sponsored\"><span class=\"kt-btn-inner-text\">Comprar Reykjavik Card<\/span><\/a><\/div>\n\n\n\n<div style=\"height:30px\" aria-hidden=\"true\" class=\"wp-block-spacer\"><\/div>\n\n\n\n<p>Estas piscinas ofrecen una amplia gama de opciones para relajarse y divertirse, desde toboganes acu\u00e1ticos y salas de fitness hasta ba\u00f1eras de hidromasaje y saunas.<\/p>\n\n\n\n<p><a href=\"https:\/\/www.reykjavikcard.com\/es\/atracciones-museos\/\" title=\"\">Aqu\u00ed encontrar\u00e1 museos gratuitos con la tarjeta Reykjavik Card.<\/a><\/p>","protected":false},"excerpt":{"rendered":"<p>Con la tarjeta Reykjavik City Card, puede visitar hasta siete ba\u00f1os termales de forma gratuita. Los ba\u00f1os termales son una parte importante de la cultura y la vida cotidiana islandesas. Una visita ofrece la oportunidad de conocer esta tradici\u00f3n y sumergirse en la vida local. Adem\u00e1s de las piscinas geot\u00e9rmicas, muchos ba\u00f1os termales ofrecen otras instalaciones como saunas, ba\u00f1os de vapor y toboganes ... <a title=\"Piscinas termales con la Reykjavik Card\" class=\"read-more\" href=\"https:\/\/www.reykjavikcard.com\/es\/thermal-pools\/\" aria-label=\"Leer m\u00e1s sobre Piscinas termales con la Reykjavik Card\">Vaciar m\u00e1s<\/a><\/p>","protected":false},"author":1,"featured_media":0,"parent":0,"menu_order":0,"comment_status":"closed","ping_status":"closed","template":"","meta":{"footnotes":""},"class_list":["post-41","page","type-page","status-publish"],"aioseo_notices":[],"_links":{"self":[{"href":"https:\/\/www.reykjavikcard.com\/es\/wp-json\/wp\/v2\/pages\/41","targetHints":{"allow":["GET"]}}],"collection":[{"href":"https:\/\/www.reykjavikcard.com\/es\/wp-json\/wp\/v2\/pages"}],"about":[{"href":"https:\/\/www.reykjavikcard.com\/es\/wp-json\/wp\/v2\/types\/page"}],"author":[{"embeddable":true,"href":"https:\/\/www.reykjavikcard.com\/es\/wp-json\/wp\/v2\/users\/1"}],"replies":[{"embeddable":true,"href":"https:\/\/www.reykjavikcard.com\/es\/wp-json\/wp\/v2\/comments?post=41"}],"version-history":[{"count":5,"href":"https:\/\/www.reykjavikcard.com\/es\/wp-json\/wp\/v2\/pages\/41\/revisions"}],"predecessor-version":[{"id":253,"href":"https:\/\/www.reykjavikcard.com\/es\/wp-json\/wp\/v2\/pages\/41\/revisions\/253"}],"wp:attachment":[{"href":"https:\/\/www.reykjavikcard.com\/es\/wp-json\/wp\/v2\/media?parent=41"}],"curies":[{"name":"wp","href":"https:\/\/api.w.org\/{rel}","templated":true}]}}