{"id":41,"date":"2024-06-26T07:48:07","date_gmt":"2024-06-26T07:48:07","guid":{"rendered":"https:\/\/www.reykjavikcard.com\/?page_id=41"},"modified":"2025-01-15T05:23:27","modified_gmt":"2025-01-15T05:23:27","slug":"piscines-thermales","status":"publish","type":"page","link":"https:\/\/www.reykjavikcard.com\/fr\/thermal-pools\/","title":{"rendered":"Piscines thermales avec la Reykjavik Card"},"content":{"rendered":"<figure class=\"wp-block-image size-full\"><img loading=\"lazy\" decoding=\"async\" width=\"1000\" height=\"500\" src=\"https:\/\/www.reykjavikcard.com\/wp-content\/uploads\/2024\/06\/reykjavik-thermal-pool.png\" alt=\"\" class=\"wp-image-42\" srcset=\"https:\/\/www.reykjavikcard.com\/wp-content\/uploads\/2024\/06\/reykjavik-thermal-pool.png 1000w, https:\/\/www.reykjavikcard.com\/wp-content\/uploads\/2024\/06\/reykjavik-thermal-pool-300x150.png 300w, https:\/\/www.reykjavikcard.com\/wp-content\/uploads\/2024\/06\/reykjavik-thermal-pool-768x384.png 768w, https:\/\/www.reykjavikcard.com\/wp-content\/uploads\/2024\/06\/reykjavik-thermal-pool-18x9.png 18w\" sizes=\"auto, (max-width: 1000px) 100vw, 1000px\" \/><\/figure>\n\n\n\n<div style=\"height:30px\" aria-hidden=\"true\" class=\"wp-block-spacer\"><\/div>\n\n\n\n<p><strong>Avec la Reykjavik City Card, vous pouvez visiter gratuitement jusqu'\u00e0 sept bains thermaux.<\/strong> Les bains thermaux sont un \u00e9l\u00e9ment important de la culture islandaise et de la vie quotidienne. Une visite permet de d\u00e9couvrir cette tradition et de s'immerger dans la vie locale.<\/p>\n\n\n\n<p>En plus des piscines g\u00e9othermiques, de nombreuses stations thermales proposent d'autres installations telles que des saunas, des bains de vapeur et des toboggans aquatiques, qui apportent un plaisir et une d\u00e9tente suppl\u00e9mentaires. Les piscines thermales sont donc id\u00e9ales pour les familles. Elles proposent des espaces pour les enfants, y compris des bassins peu profonds et des aires de jeux, afin que toute la famille puisse passer un bon moment ensemble.<\/p>\n\n\n\n<p>Les bains thermaux suivants sont inclus dans la Reykjavik City Card :<\/p>\n\n\n\n<ol class=\"wp-block-list\">\n<li><strong>\u00c1rb\u00e6jarlaug<\/strong>: \u00c1rb\u00e6jarlaug propose des piscines int\u00e9rieures et ext\u00e9rieures, des toboggans aquatiques et un bassin pour enfants. Il s'agit d'une destination familiale tr\u00e8s appr\u00e9ci\u00e9e, dot\u00e9e d'excellentes installations.<\/li>\n\n\n\n<li><strong>Piscine de Brei\u00f0holtslaug<\/strong>: Brei\u00f0holtslaug dispose de plusieurs bassins, dont des jacuzzis, des saunas et des toboggans aquatiques. La piscine est r\u00e9put\u00e9e pour son atmosph\u00e8re relaxante.<\/li>\n\n\n\n<li><strong>Piscine de Dalslaug :<\/strong> Dalslaug offre une piscine ext\u00e9rieure de 25 m\u00e8tres avec six couloirs, une piscine int\u00e9rieure, des bains \u00e0 remous, une piscine d'eau froide, une pataugeoire et un sauna.<\/li>\n\n\n\n<li><strong>Piscine Grafarvogslaug<\/strong>: Grafarvogslaug propose de grandes piscines ext\u00e9rieures, des toboggans aquatiques et un sauna infrarouge.<\/li>\n\n\n\n<li><strong>Kl\u00e9bergslaug Piscine<\/strong>Kl\u00e9bergslaug est une piscine plus petite et agr\u00e9able situ\u00e9e dans un quartier calme de la ville. Elle propose des bains chauds, un toboggan aquatique pour les enfants et un environnement adapt\u00e9 aux familles.<\/li>\n\n\n\n<li><strong>Piscine de Laugardalslaug<\/strong>: Laugardalslaug est le plus grand complexe aquatique de Reykjavik, avec plusieurs piscines ext\u00e9rieures et int\u00e9rieures, des hot-tubs, des hammams et des toboggans. Parfait pour tous les \u00e2ges.<\/li>\n\n\n\n<li><strong>Piscine de Sundh\u00f6llin<\/strong>Sundh\u00f6llin, l'une des plus anciennes piscines de Reykjavik, propose une piscine int\u00e9rieure et une piscine ext\u00e9rieure, des bains chauds et un sauna.<\/li>\n\n\n\n<li><strong>Piscine Vesturb\u00e6jarlaug<\/strong>Vesturb\u00e6jarlaug est une piscine de quartier populaire \u00e0 l'ambiance chaleureuse. Elle offre plusieurs bassins, des hot-tubs, un hammam et un sauna, id\u00e9al pour se d\u00e9tendre.<\/li>\n<\/ol>\n\n\n<style>.wp-block-kadence-advancedbtn.kb-btns41_1c244e-01{gap:var(--global-kb-gap-xs, 0.5rem );justify-content:center;align-items:center;}.kt-btns41_1c244e-01 .kt-button{font-weight:normal;font-style:normal;}.kt-btns41_1c244e-01 .kt-btn-wrap-0{margin-right:5px;}.wp-block-kadence-advancedbtn.kt-btns41_1c244e-01 .kt-btn-wrap-0 .kt-button{color:#555555;border-color:#555555;}.wp-block-kadence-advancedbtn.kt-btns41_1c244e-01 .kt-btn-wrap-0 .kt-button:hover, .wp-block-kadence-advancedbtn.kt-btns41_1c244e-01 .kt-btn-wrap-0 .kt-button:focus{color:#ffffff;border-color:#444444;}.wp-block-kadence-advancedbtn.kt-btns41_1c244e-01 .kt-btn-wrap-0 .kt-button::before{display:none;}.wp-block-kadence-advancedbtn.kt-btns41_1c244e-01 .kt-btn-wrap-0 .kt-button:hover, .wp-block-kadence-advancedbtn.kt-btns41_1c244e-01 .kt-btn-wrap-0 .kt-button:focus{background:#444444;}<\/style>\n<div class=\"wp-block-kadence-advancedbtn kb-buttons-wrap kb-btns41_1c244e-01\"><style>ul.menu .wp-block-kadence-advancedbtn .kb-btn41_2bad0c-9a.kb-button{width:initial;}.wp-block-kadence-advancedbtn .kb-btn41_2bad0c-9a.kb-button{color:var(--base-3);background:#f39878;box-shadow:2px 2px 2px 2px rgba(0, 0, 0, 0.2);}.wp-block-kadence-advancedbtn .kb-btn41_2bad0c-9a.kb-button:hover, .wp-block-kadence-advancedbtn .kb-btn41_2bad0c-9a.kb-button:focus{color:var(--base-3);background:#f39878;}<\/style><a class=\"kb-button kt-button button kb-btn41_2bad0c-9a kt-btn-size-large kt-btn-width-type-auto kb-btn-global-fill  kt-btn-has-text-true kt-btn-has-svg-false  wp-block-kadence-singlebtn\" href=\"https:\/\/www.getyourguide.fr\/reykjavik-l30\/reykjavik-city-card-t69810\/?partner_id=B0910&amp;cmp=reykjavikcard&amp;mkt_cmp=true\" target=\"_blank\" rel=\"noreferrer noopener nofollow sponsored\"><span class=\"kt-btn-inner-text\">Acheter une carte Reykjavik<\/span><\/a><\/div>\n\n\n\n<div style=\"height:30px\" aria-hidden=\"true\" class=\"wp-block-spacer\"><\/div>\n\n\n\n<p>Ces piscines offrent de multiples possibilit\u00e9s de d\u00e9tente et de divertissement, des toboggans aquatiques aux salles de fitness en passant par les jacuzzis et les saunas.<\/p>\n\n\n\n<p><a href=\"https:\/\/www.reykjavikcard.com\/fr\/attractions-musees\/\" title=\"\">Pour les mus\u00e9es gratuits avec la Reykjavik Card, cliquez ici.<\/a><\/p>","protected":false},"excerpt":{"rendered":"<p>Avec la Reykjavik City Card, vous pouvez visiter gratuitement jusqu'\u00e0 sept bains thermaux. Les bains thermaux sont un \u00e9l\u00e9ment important de la culture islandaise et de la vie quotidienne. Une visite permet de d\u00e9couvrir cette tradition et de s'immerger dans la vie locale. Outre les piscines g\u00e9othermiques, de nombreux bains thermaux proposent d'autres installations comme des saunas, des bains de vapeur et des toboggans ... <a title=\"Piscines thermales avec la Reykjavik Card\" class=\"read-more\" href=\"https:\/\/www.reykjavikcard.com\/fr\/thermal-pools\/\" aria-label=\"En savoir plus sur Piscines thermales avec la Reykjavik Card\">Lire la suite<\/a><\/p>","protected":false},"author":1,"featured_media":0,"parent":0,"menu_order":0,"comment_status":"closed","ping_status":"closed","template":"","meta":{"footnotes":""},"class_list":["post-41","page","type-page","status-publish"],"aioseo_notices":[],"_links":{"self":[{"href":"https:\/\/www.reykjavikcard.com\/fr\/wp-json\/wp\/v2\/pages\/41","targetHints":{"allow":["GET"]}}],"collection":[{"href":"https:\/\/www.reykjavikcard.com\/fr\/wp-json\/wp\/v2\/pages"}],"about":[{"href":"https:\/\/www.reykjavikcard.com\/fr\/wp-json\/wp\/v2\/types\/page"}],"author":[{"embeddable":true,"href":"https:\/\/www.reykjavikcard.com\/fr\/wp-json\/wp\/v2\/users\/1"}],"replies":[{"embeddable":true,"href":"https:\/\/www.reykjavikcard.com\/fr\/wp-json\/wp\/v2\/comments?post=41"}],"version-history":[{"count":5,"href":"https:\/\/www.reykjavikcard.com\/fr\/wp-json\/wp\/v2\/pages\/41\/revisions"}],"predecessor-version":[{"id":253,"href":"https:\/\/www.reykjavikcard.com\/fr\/wp-json\/wp\/v2\/pages\/41\/revisions\/253"}],"wp:attachment":[{"href":"https:\/\/www.reykjavikcard.com\/fr\/wp-json\/wp\/v2\/media?parent=41"}],"curies":[{"name":"wp","href":"https:\/\/api.w.org\/{rel}","templated":true}]}}