{"id":41,"date":"2024-06-26T07:48:07","date_gmt":"2024-06-26T07:48:07","guid":{"rendered":"https:\/\/www.reykjavikcard.com\/?page_id=41"},"modified":"2025-01-15T05:23:27","modified_gmt":"2025-01-15T05:23:27","slug":"piscine-termali","status":"publish","type":"page","link":"https:\/\/www.reykjavikcard.com\/it\/thermal-pools\/","title":{"rendered":"Piscine termali con la Reykjavik Card"},"content":{"rendered":"<figure class=\"wp-block-image size-full\"><img loading=\"lazy\" decoding=\"async\" width=\"1000\" height=\"500\" src=\"https:\/\/www.reykjavikcard.com\/wp-content\/uploads\/2024\/06\/reykjavik-thermal-pool.png\" alt=\"\" class=\"wp-image-42\" srcset=\"https:\/\/www.reykjavikcard.com\/wp-content\/uploads\/2024\/06\/reykjavik-thermal-pool.png 1000w, https:\/\/www.reykjavikcard.com\/wp-content\/uploads\/2024\/06\/reykjavik-thermal-pool-300x150.png 300w, https:\/\/www.reykjavikcard.com\/wp-content\/uploads\/2024\/06\/reykjavik-thermal-pool-768x384.png 768w, https:\/\/www.reykjavikcard.com\/wp-content\/uploads\/2024\/06\/reykjavik-thermal-pool-18x9.png 18w\" sizes=\"auto, (max-width: 1000px) 100vw, 1000px\" \/><\/figure>\n\n\n\n<div style=\"height:30px\" aria-hidden=\"true\" class=\"wp-block-spacer\"><\/div>\n\n\n\n<p><strong>Con la Reykjavik City Card \u00e8 possibile visitare gratuitamente fino a sette bagni termali.<\/strong> Le terme sono una parte importante della cultura e della vita quotidiana islandese. Una visita offre l'opportunit\u00e0 di familiarizzare con questa tradizione e di immergersi nella vita locale.<\/p>\n\n\n\n<p>Oltre alle piscine geotermiche, molti bagni termali offrono anche altre strutture come saune, bagni di vapore e scivoli d'acqua, che offrono ulteriore divertimento e relax. Questo rende le piscine termali ideali per le famiglie. Offrono aree per i bambini, tra cui piscine poco profonde e parchi giochi, in modo che tutta la famiglia possa divertirsi insieme.<\/p>\n\n\n\n<p>I seguenti bagni termali sono inclusi nella Reykjavik City Card:<\/p>\n\n\n\n<ol class=\"wp-block-list\">\n<li><strong>\u00c1rb\u00e6jarlaug<\/strong>\u00c1rb\u00e6jarlaug offre piscine interne ed esterne, scivoli d'acqua e una piscina per bambini. \u00c8 una destinazione popolare per le famiglie con strutture eccellenti.<\/li>\n\n\n\n<li><strong>Piscina Brei\u00f0holtslaug<\/strong>Brei\u00f0holtslaug dispone di diverse piscine, tra cui idromassaggi, saune e scivoli d'acqua. La piscina \u00e8 nota per la sua atmosfera rilassante.<\/li>\n\n\n\n<li><strong>Piscina Dalslaug:<\/strong> Il Dalslaug offre una piscina all'aperto di 25 metri con sei corsie, una piscina coperta, vasche idromassaggio, una piscina ad acqua fredda, una piscina per bambini e una sauna.<\/li>\n\n\n\n<li><strong>Piscina Grafarvogslaug<\/strong>Il Grafarvogslaug offre grandi piscine all'aperto, scivoli d'acqua e una sauna a infrarossi.<\/li>\n\n\n\n<li><strong>Piscina Kl\u00e9bergslaug<\/strong>Kl\u00e9bergslaug \u00e8 una piscina pi\u00f9 piccola e accogliente in una zona tranquilla della citt\u00e0. Offre vasche idromassaggio, uno scivolo per bambini e un ambiente adatto alle famiglie.<\/li>\n\n\n\n<li><strong>Piscina Laugardalslaug<\/strong>Laugardalslaug \u00e8 il pi\u00f9 grande complesso di piscine di Reykjavik con diverse piscine all'aperto e al coperto, vasche idromassaggio, bagni di vapore e scivoli d'acqua. Perfetto per tutte le et\u00e0.<\/li>\n\n\n\n<li><strong>Piscina Sundh\u00f6llin<\/strong>Il Sundh\u00f6llin, una delle piscine pi\u00f9 antiche di Reykjavik, offre piscine interne e all'aperto, vasche idromassaggio e una sauna.<\/li>\n\n\n\n<li><strong>Piscina Vesturb\u00e6jarlaug<\/strong>Il Vesturb\u00e6jarlaug \u00e8 una famosa piscina di quartiere dall'atmosfera accogliente. Offre diverse piscine, vasche idromassaggio, un bagno di vapore e una sauna, ideali per rilassarsi.<\/li>\n<\/ol>\n\n\n<style>.wp-block-kadence-advancedbtn.kb-btns41_1c244e-01{gap:var(--global-kb-gap-xs, 0.5rem );justify-content:center;align-items:center;}.kt-btns41_1c244e-01 .kt-button{font-weight:normal;font-style:normal;}.kt-btns41_1c244e-01 .kt-btn-wrap-0{margin-right:5px;}.wp-block-kadence-advancedbtn.kt-btns41_1c244e-01 .kt-btn-wrap-0 .kt-button{color:#555555;border-color:#555555;}.wp-block-kadence-advancedbtn.kt-btns41_1c244e-01 .kt-btn-wrap-0 .kt-button:hover, .wp-block-kadence-advancedbtn.kt-btns41_1c244e-01 .kt-btn-wrap-0 .kt-button:focus{color:#ffffff;border-color:#444444;}.wp-block-kadence-advancedbtn.kt-btns41_1c244e-01 .kt-btn-wrap-0 .kt-button::before{display:none;}.wp-block-kadence-advancedbtn.kt-btns41_1c244e-01 .kt-btn-wrap-0 .kt-button:hover, .wp-block-kadence-advancedbtn.kt-btns41_1c244e-01 .kt-btn-wrap-0 .kt-button:focus{background:#444444;}<\/style>\n<div class=\"wp-block-kadence-advancedbtn kb-buttons-wrap kb-btns41_1c244e-01\"><style>ul.menu .wp-block-kadence-advancedbtn .kb-btn41_2bad0c-9a.kb-button{width:initial;}.wp-block-kadence-advancedbtn .kb-btn41_2bad0c-9a.kb-button{color:var(--base-3);background:#f39878;box-shadow:2px 2px 2px 2px rgba(0, 0, 0, 0.2);}.wp-block-kadence-advancedbtn .kb-btn41_2bad0c-9a.kb-button:hover, .wp-block-kadence-advancedbtn .kb-btn41_2bad0c-9a.kb-button:focus{color:var(--base-3);background:#f39878;}<\/style><a class=\"kb-button kt-button button kb-btn41_2bad0c-9a kt-btn-size-large kt-btn-width-type-auto kb-btn-global-fill  kt-btn-has-text-true kt-btn-has-svg-false  wp-block-kadence-singlebtn\" href=\"https:\/\/www.getyourguide.it\/reykjavik-l30\/reykjavik-city-card-t69810\/?partner_id=B0910&amp;cmp=reykjavikcard&amp;mkt_cmp=true\" target=\"_blank\" rel=\"noreferrer noopener nofollow sponsored\"><span class=\"kt-btn-inner-text\">Acquista la carta Reykjavik<\/span><\/a><\/div>\n\n\n\n<div style=\"height:30px\" aria-hidden=\"true\" class=\"wp-block-spacer\"><\/div>\n\n\n\n<p>Queste piscine offrono un'ampia gamma di opzioni per il relax e il divertimento, dagli scivoli d'acqua alle sale fitness, dalle vasche idromassaggio alle saune.<\/p>\n\n\n\n<p><a href=\"https:\/\/www.reykjavikcard.com\/it\/attrazioni-musei\/\" title=\"\">I musei gratuiti con la Reykjavik Card si trovano qui.<\/a><\/p>","protected":false},"excerpt":{"rendered":"<p>Con la Reykjavik City Card, potete visitare gratuitamente fino a sette bagni termali. Le terme sono una parte importante della cultura e della vita quotidiana islandese. Una visita offre l'opportunit\u00e0 di conoscere questa tradizione e di immergersi nella vita locale. Oltre alle piscine geotermiche, molti bagni termali offrono anche altre strutture come saune, bagni di vapore e scivoli d'acqua, che ... <a title=\"Piscine termali con la Reykjavik Card\" class=\"read-more\" href=\"https:\/\/www.reykjavikcard.com\/it\/thermal-pools\/\" aria-label=\"Per saperne di pi\u00f9 su Piscine termali con la Reykjavik Card\">Leggi tutto<\/a><\/p>","protected":false},"author":1,"featured_media":0,"parent":0,"menu_order":0,"comment_status":"closed","ping_status":"closed","template":"","meta":{"footnotes":""},"class_list":["post-41","page","type-page","status-publish"],"aioseo_notices":[],"_links":{"self":[{"href":"https:\/\/www.reykjavikcard.com\/it\/wp-json\/wp\/v2\/pages\/41","targetHints":{"allow":["GET"]}}],"collection":[{"href":"https:\/\/www.reykjavikcard.com\/it\/wp-json\/wp\/v2\/pages"}],"about":[{"href":"https:\/\/www.reykjavikcard.com\/it\/wp-json\/wp\/v2\/types\/page"}],"author":[{"embeddable":true,"href":"https:\/\/www.reykjavikcard.com\/it\/wp-json\/wp\/v2\/users\/1"}],"replies":[{"embeddable":true,"href":"https:\/\/www.reykjavikcard.com\/it\/wp-json\/wp\/v2\/comments?post=41"}],"version-history":[{"count":5,"href":"https:\/\/www.reykjavikcard.com\/it\/wp-json\/wp\/v2\/pages\/41\/revisions"}],"predecessor-version":[{"id":253,"href":"https:\/\/www.reykjavikcard.com\/it\/wp-json\/wp\/v2\/pages\/41\/revisions\/253"}],"wp:attachment":[{"href":"https:\/\/www.reykjavikcard.com\/it\/wp-json\/wp\/v2\/media?parent=41"}],"curies":[{"name":"wp","href":"https:\/\/api.w.org\/{rel}","templated":true}]}}