{"id":41,"date":"2024-06-26T07:48:07","date_gmt":"2024-06-26T07:48:07","guid":{"rendered":"https:\/\/www.reykjavikcard.com\/?page_id=41"},"modified":"2025-01-15T05:23:27","modified_gmt":"2025-01-15T05:23:27","slug":"termalbassenger","status":"publish","type":"page","link":"https:\/\/www.reykjavikcard.com\/nb\/thermal-pools\/","title":{"rendered":"Termiske bassenger med Reykjavik-kortet"},"content":{"rendered":"<figure class=\"wp-block-image size-full\"><img loading=\"lazy\" decoding=\"async\" width=\"1000\" height=\"500\" src=\"https:\/\/www.reykjavikcard.com\/wp-content\/uploads\/2024\/06\/reykjavik-thermal-pool.png\" alt=\"\" class=\"wp-image-42\" srcset=\"https:\/\/www.reykjavikcard.com\/wp-content\/uploads\/2024\/06\/reykjavik-thermal-pool.png 1000w, https:\/\/www.reykjavikcard.com\/wp-content\/uploads\/2024\/06\/reykjavik-thermal-pool-300x150.png 300w, https:\/\/www.reykjavikcard.com\/wp-content\/uploads\/2024\/06\/reykjavik-thermal-pool-768x384.png 768w, https:\/\/www.reykjavikcard.com\/wp-content\/uploads\/2024\/06\/reykjavik-thermal-pool-18x9.png 18w\" sizes=\"auto, (max-width: 1000px) 100vw, 1000px\" \/><\/figure>\n\n\n\n<div style=\"height:30px\" aria-hidden=\"true\" class=\"wp-block-spacer\"><\/div>\n\n\n\n<p><strong>Med Reykjavik City Card kan du bes\u00f8ke opptil sju termalbad gratis.<\/strong> De termiske badene er en viktig del av islandsk kultur og dagligliv. Et bes\u00f8k gir deg muligheten til \u00e5 bli kjent med denne tradisjonen og fordype deg i det lokale livet.<\/p>\n\n\n\n<p>I tillegg til de geotermiske bassengene tilbyr mange termalbad ogs\u00e5 andre fasiliteter som badstuer, dampbad og vannsklier, noe som gir ekstra moro og avslapning. Dette gj\u00f8r termalbassengene ideelle for familier. De tilbyr omr\u00e5der for barn, inkludert grunne bassenger og lekeplasser, slik at hele familien kan ha det g\u00f8y sammen.<\/p>\n\n\n\n<p>F\u00f8lgende termalbad er inkludert i Reykjavik City Card:<\/p>\n\n\n\n<ol class=\"wp-block-list\">\n<li><strong>\u00c1rb\u00e6jarlaug<\/strong>\u00c1rb\u00e6jarlaug tilbyr innend\u00f8rs- og utend\u00f8rsbasseng, vannsklier og barnebasseng. Det er en popul\u00e6r familiedestinasjon med utmerkede fasiliteter.<\/li>\n\n\n\n<li><strong>Brei\u00f0holtslaug Pool<\/strong>Brei\u00f0holtslaug har flere bassenger, inkludert boblebad, badstuer og vannsklier. Bassenget er kjent for sin avslappende atmosf\u00e6re.<\/li>\n\n\n\n<li><strong>Dalslaug Pool:<\/strong> Dalslaug har et 25 meter langt utend\u00f8rsbasseng med seks baner, et innend\u00f8rsbasseng, boblebad, kaldtvannsbasseng, barnebasseng og badstue.<\/li>\n\n\n\n<li><strong>Grafarvogslaug basseng<\/strong>Grafarvogslaug tilbyr store utend\u00f8rsbassenger, vannsklier og en infrar\u00f8d badstue.<\/li>\n\n\n\n<li><strong>Kl\u00e9bergslaug Pool<\/strong>Kl\u00e9bergslaug er et mindre, koselig basseng i en rolig del av byen. Her er det boblebad, vannsklie for barn og et familievennlig milj\u00f8.<\/li>\n\n\n\n<li><strong>Laugardalslaug Pool<\/strong>Laugardalslaug er Reykjaviks st\u00f8rste bassengkompleks med flere utend\u00f8rs- og innend\u00f8rsbassenger, boblebad, dampbad og vannsklier. Perfekt for alle aldre.<\/li>\n\n\n\n<li><strong>Sundh\u00f6llin Pool<\/strong>Sundh\u00f6llin er et av Reykjaviks eldste basseng, og tilbyr innend\u00f8rs- og utend\u00f8rsbasseng, boblebad og badstue.<\/li>\n\n\n\n<li><strong>Vesturb\u00e6jarlaug basseng<\/strong>Vesturb\u00e6jarlaug er et popul\u00e6rt nabolagsbasseng med en koselig atmosf\u00e6re. Her finner du ulike bassenger, boblebad, dampbad og badstue, ideelt for avslapping.<\/li>\n<\/ol>\n\n\n<style>.wp-block-kadence-advancedbtn.kb-btns41_1c244e-01{gap:var(--global-kb-gap-xs, 0.5rem );justify-content:center;align-items:center;}.kt-btns41_1c244e-01 .kt-button{font-weight:normal;font-style:normal;}.kt-btns41_1c244e-01 .kt-btn-wrap-0{margin-right:5px;}.wp-block-kadence-advancedbtn.kt-btns41_1c244e-01 .kt-btn-wrap-0 .kt-button{color:#555555;border-color:#555555;}.wp-block-kadence-advancedbtn.kt-btns41_1c244e-01 .kt-btn-wrap-0 .kt-button:hover, .wp-block-kadence-advancedbtn.kt-btns41_1c244e-01 .kt-btn-wrap-0 .kt-button:focus{color:#ffffff;border-color:#444444;}.wp-block-kadence-advancedbtn.kt-btns41_1c244e-01 .kt-btn-wrap-0 .kt-button::before{display:none;}.wp-block-kadence-advancedbtn.kt-btns41_1c244e-01 .kt-btn-wrap-0 .kt-button:hover, .wp-block-kadence-advancedbtn.kt-btns41_1c244e-01 .kt-btn-wrap-0 .kt-button:focus{background:#444444;}<\/style>\n<div class=\"wp-block-kadence-advancedbtn kb-buttons-wrap kb-btns41_1c244e-01\"><style>ul.menu .wp-block-kadence-advancedbtn .kb-btn41_2bad0c-9a.kb-button{width:initial;}.wp-block-kadence-advancedbtn .kb-btn41_2bad0c-9a.kb-button{color:var(--base-3);background:#f39878;box-shadow:2px 2px 2px 2px rgba(0, 0, 0, 0.2);}.wp-block-kadence-advancedbtn .kb-btn41_2bad0c-9a.kb-button:hover, .wp-block-kadence-advancedbtn .kb-btn41_2bad0c-9a.kb-button:focus{color:var(--base-3);background:#f39878;}<\/style><a class=\"kb-button kt-button button kb-btn41_2bad0c-9a kt-btn-size-large kt-btn-width-type-auto kb-btn-global-fill  kt-btn-has-text-true kt-btn-has-svg-false  wp-block-kadence-singlebtn\" href=\"https:\/\/www.getyourguide.com\/no-no\/reykjavik-l30\/reykjavik-city-card-t69810\/?partner_id=B0910&amp;cmp=reykjavikcard&amp;mkt_cmp=true\" target=\"_blank\" rel=\"noreferrer noopener nofollow sponsored\"><span class=\"kt-btn-inner-text\">Kj\u00f8p Reykjavik-kort<\/span><\/a><\/div>\n\n\n\n<div style=\"height:30px\" aria-hidden=\"true\" class=\"wp-block-spacer\"><\/div>\n\n\n\n<p>Disse bassengene tilbyr et bredt utvalg av muligheter for avslapning og moro, fra vannsklier og treningsrom til boblebad og badstuer.<\/p>\n\n\n\n<p><a href=\"https:\/\/www.reykjavikcard.com\/nb\/attraksjoner-museer\/\" title=\"\">Gratis museer med Reykjavik-kortet finner du her.<\/a><\/p>","protected":false},"excerpt":{"rendered":"<p>Med Reykjavik City Card kan du bes\u00f8ke opptil sju termalbad gratis. Termalbadene er en viktig del av islandsk kultur og dagligliv. Et bes\u00f8k gir deg muligheten til \u00e5 bli kjent med denne tradisjonen og fordype deg i det lokale livet. I tillegg til de geotermiske bassengene tilbyr mange termalbad ogs\u00e5 andre fasiliteter som badstuer, dampbad og vannsklier, som ... <a title=\"Termiske bassenger med Reykjavik-kortet\" class=\"read-more\" href=\"https:\/\/www.reykjavikcard.com\/nb\/thermal-pools\/\" aria-label=\"Les mer om Termiske bassenger med Reykjavik-kortet\">Les mer<\/a><\/p>","protected":false},"author":1,"featured_media":0,"parent":0,"menu_order":0,"comment_status":"closed","ping_status":"closed","template":"","meta":{"footnotes":""},"class_list":["post-41","page","type-page","status-publish"],"aioseo_notices":[],"_links":{"self":[{"href":"https:\/\/www.reykjavikcard.com\/nb\/wp-json\/wp\/v2\/pages\/41","targetHints":{"allow":["GET"]}}],"collection":[{"href":"https:\/\/www.reykjavikcard.com\/nb\/wp-json\/wp\/v2\/pages"}],"about":[{"href":"https:\/\/www.reykjavikcard.com\/nb\/wp-json\/wp\/v2\/types\/page"}],"author":[{"embeddable":true,"href":"https:\/\/www.reykjavikcard.com\/nb\/wp-json\/wp\/v2\/users\/1"}],"replies":[{"embeddable":true,"href":"https:\/\/www.reykjavikcard.com\/nb\/wp-json\/wp\/v2\/comments?post=41"}],"version-history":[{"count":5,"href":"https:\/\/www.reykjavikcard.com\/nb\/wp-json\/wp\/v2\/pages\/41\/revisions"}],"predecessor-version":[{"id":253,"href":"https:\/\/www.reykjavikcard.com\/nb\/wp-json\/wp\/v2\/pages\/41\/revisions\/253"}],"wp:attachment":[{"href":"https:\/\/www.reykjavikcard.com\/nb\/wp-json\/wp\/v2\/media?parent=41"}],"curies":[{"name":"wp","href":"https:\/\/api.w.org\/{rel}","templated":true}]}}