{"id":28,"date":"2024-06-26T07:01:13","date_gmt":"2024-06-26T07:01:13","guid":{"rendered":"https:\/\/www.reykjavikcard.com\/?page_id=28"},"modified":"2025-06-24T08:27:51","modified_gmt":"2025-06-24T08:27:51","slug":"faq","status":"publish","type":"page","link":"https:\/\/www.reykjavikcard.com\/pt\/faq\/","title":{"rendered":"FAQ sobre o Reykjavik City Card"},"content":{"rendered":"<style>.kt-accordion-id28_24a9e1-d8 .kt-accordion-inner-wrap{column-gap:var(--global-kb-gap-md, 2rem);row-gap:8px;}.kt-accordion-id28_24a9e1-d8 .kt-accordion-panel-inner{padding-top:var(--global-kb-spacing-sm, 1.5rem);padding-right:var(--global-kb-spacing-sm, 1.5rem);padding-bottom:var(--global-kb-spacing-sm, 1.5rem);padding-left:var(--global-kb-spacing-sm, 1.5rem);}.kt-accordion-id28_24a9e1-d8 > .kt-accordion-inner-wrap > .wp-block-kadence-pane > .kt-accordion-header-wrap > .kt-blocks-accordion-header{border-top:0px solid #f2f2f2;border-right:0px solid #f2f2f2;border-bottom:0px solid #f2f2f2;border-left:0px solid #f2f2f2;border-top-left-radius:0px;border-top-right-radius:0px;border-bottom-right-radius:0px;border-bottom-left-radius:0px;background:#f39878;color:var(--base-3);padding-top:10px;padding-right:14px;padding-bottom:10px;padding-left:14px;}.kt-accordion-id28_24a9e1-d8:not( .kt-accodion-icon-style-basiccircle ):not( .kt-accodion-icon-style-xclosecircle ):not( .kt-accodion-icon-style-arrowcircle )  > .kt-accordion-inner-wrap > .wp-block-kadence-pane > .kt-accordion-header-wrap .kt-blocks-accordion-icon-trigger:after, .kt-accordion-id28_24a9e1-d8:not( .kt-accodion-icon-style-basiccircle ):not( .kt-accodion-icon-style-xclosecircle ):not( .kt-accodion-icon-style-arrowcircle )  > .kt-accordion-inner-wrap > .wp-block-kadence-pane > .kt-accordion-header-wrap .kt-blocks-accordion-icon-trigger:before{background:var(--base-3);}.kt-accordion-id28_24a9e1-d8:not( .kt-accodion-icon-style-basic ):not( .kt-accodion-icon-style-xclose ):not( .kt-accodion-icon-style-arrow ) .kt-blocks-accordion-icon-trigger{background:var(--base-3);}.kt-accordion-id28_24a9e1-d8:not( .kt-accodion-icon-style-basic ):not( .kt-accodion-icon-style-xclose ):not( .kt-accodion-icon-style-arrow ) .kt-blocks-accordion-icon-trigger:after, .kt-accordion-id28_24a9e1-d8:not( .kt-accodion-icon-style-basic ):not( .kt-accodion-icon-style-xclose ):not( .kt-accodion-icon-style-arrow ) .kt-blocks-accordion-icon-trigger:before{background:#f39878;}.kt-accordion-id28_24a9e1-d8 > .kt-accordion-inner-wrap > .wp-block-kadence-pane > .kt-accordion-header-wrap > .kt-blocks-accordion-header:hover, \n\t\t\t\tbody:not(.hide-focus-outline) .kt-accordion-id28_24a9e1-d8 .kt-blocks-accordion-header:focus-visible{color:var(--base-3);background:#f39878;border-top-color:#eeeeee;border-top-style:solid;border-right-color:#eeeeee;border-right-style:solid;border-bottom-color:#eeeeee;border-bottom-style:solid;border-left-color:#eeeeee;border-left-style:solid;}.kt-accordion-id28_24a9e1-d8:not( .kt-accodion-icon-style-basiccircle ):not( .kt-accodion-icon-style-xclosecircle ):not( .kt-accodion-icon-style-arrowcircle ) .kt-accordion-header-wrap .kt-blocks-accordion-header:hover .kt-blocks-accordion-icon-trigger:after, .kt-accordion-id28_24a9e1-d8:not( .kt-accodion-icon-style-basiccircle ):not( .kt-accodion-icon-style-xclosecircle ):not( .kt-accodion-icon-style-arrowcircle ) .kt-accordion-header-wrap .kt-blocks-accordion-header:hover .kt-blocks-accordion-icon-trigger:before, body:not(.hide-focus-outline) .kt-accordion-id28_24a9e1-d8:not( .kt-accodion-icon-style-basiccircle ):not( .kt-accodion-icon-style-xclosecircle ):not( .kt-accodion-icon-style-arrowcircle ) .kt-blocks-accordion--visible .kt-blocks-accordion-icon-trigger:after, body:not(.hide-focus-outline) .kt-accordion-id28_24a9e1-d8:not( .kt-accodion-icon-style-basiccircle ):not( .kt-accodion-icon-style-xclosecircle ):not( .kt-accodion-icon-style-arrowcircle ) .kt-blocks-accordion-header:focus-visible .kt-blocks-accordion-icon-trigger:before{background:var(--base-3);}.kt-accordion-id28_24a9e1-d8:not( .kt-accodion-icon-style-basic ):not( .kt-accodion-icon-style-xclose ):not( .kt-accodion-icon-style-arrow ) .kt-accordion-header-wrap .kt-blocks-accordion-header:hover .kt-blocks-accordion-icon-trigger, body:not(.hide-focus-outline) .kt-accordion-id28_24a9e1-d8:not( .kt-accodion-icon-style-basic ):not( .kt-accodion-icon-style-xclose ):not( .kt-accodion-icon-style-arrow ) .kt-accordion-header-wrap .kt-blocks-accordion-header:focus-visible .kt-blocks-accordion-icon-trigger{background:var(--base-3);}.kt-accordion-id28_24a9e1-d8:not( .kt-accodion-icon-style-basic ):not( .kt-accodion-icon-style-xclose ):not( .kt-accodion-icon-style-arrow ) .kt-accordion-header-wrap .kt-blocks-accordion-header:hover .kt-blocks-accordion-icon-trigger:after, .kt-accordion-id28_24a9e1-d8:not( .kt-accodion-icon-style-basic ):not( .kt-accodion-icon-style-xclose ):not( .kt-accodion-icon-style-arrow ) .kt-accordion-header-wrap .kt-blocks-accordion-header:hover .kt-blocks-accordion-icon-trigger:before, body:not(.hide-focus-outline) .kt-accordion-id28_24a9e1-d8:not( .kt-accodion-icon-style-basic ):not( .kt-accodion-icon-style-xclose ):not( .kt-accodion-icon-style-arrow ) .kt-accordion-header-wrap .kt-blocks-accordion-header:focus-visible .kt-blocks-accordion-icon-trigger:after, body:not(.hide-focus-outline) .kt-accordion-id28_24a9e1-d8:not( .kt-accodion-icon-style-basic ):not( .kt-accodion-icon-style-xclose ):not( .kt-accodion-icon-style-arrow ) .kt-accordion-header-wrap .kt-blocks-accordion-header:focus-visible .kt-blocks-accordion-icon-trigger:before{background:#f39878;}.kt-accordion-id28_24a9e1-d8 .kt-accordion-header-wrap .kt-blocks-accordion-header:focus-visible,\n\t\t\t\t.kt-accordion-id28_24a9e1-d8 > .kt-accordion-inner-wrap > .wp-block-kadence-pane > .kt-accordion-header-wrap > .kt-blocks-accordion-header.kt-accordion-panel-active{color:#ffffff;background:#f39878;border-top-color:#444444;border-top-style:solid;border-right-color:#444444;border-right-style:solid;border-bottom-color:#444444;border-bottom-style:solid;border-left-color:#444444;border-left-style:solid;}.kt-accordion-id28_24a9e1-d8:not( .kt-accodion-icon-style-basiccircle ):not( .kt-accodion-icon-style-xclosecircle ):not( .kt-accodion-icon-style-arrowcircle )  > .kt-accordion-inner-wrap > .wp-block-kadence-pane > .kt-accordion-header-wrap > .kt-blocks-accordion-header.kt-accordion-panel-active .kt-blocks-accordion-icon-trigger:after, .kt-accordion-id28_24a9e1-d8:not( .kt-accodion-icon-style-basiccircle ):not( .kt-accodion-icon-style-xclosecircle ):not( .kt-accodion-icon-style-arrowcircle )  > .kt-accordion-inner-wrap > .wp-block-kadence-pane > .kt-accordion-header-wrap > .kt-blocks-accordion-header.kt-accordion-panel-active .kt-blocks-accordion-icon-trigger:before{background:#ffffff;}.kt-accordion-id28_24a9e1-d8:not( .kt-accodion-icon-style-basic ):not( .kt-accodion-icon-style-xclose ):not( .kt-accodion-icon-style-arrow ) .kt-blocks-accordion-header.kt-accordion-panel-active .kt-blocks-accordion-icon-trigger{background:#ffffff;}.kt-accordion-id28_24a9e1-d8:not( .kt-accodion-icon-style-basic ):not( .kt-accodion-icon-style-xclose ):not( .kt-accodion-icon-style-arrow ) .kt-blocks-accordion-header.kt-accordion-panel-active .kt-blocks-accordion-icon-trigger:after, .kt-accordion-id28_24a9e1-d8:not( .kt-accodion-icon-style-basic ):not( .kt-accodion-icon-style-xclose ):not( .kt-accodion-icon-style-arrow ) .kt-blocks-accordion-header.kt-accordion-panel-active .kt-blocks-accordion-icon-trigger:before{background:#f39878;}@media all and (max-width: 1024px){.kt-accordion-id28_24a9e1-d8 > .kt-accordion-inner-wrap > .wp-block-kadence-pane > .kt-accordion-header-wrap > .kt-blocks-accordion-header{border-top:0px solid #f2f2f2;border-right:0px solid #f2f2f2;border-bottom:0px solid #f2f2f2;border-left:0px solid #f2f2f2;}}@media all and (max-width: 1024px){.kt-accordion-id28_24a9e1-d8 > .kt-accordion-inner-wrap > .wp-block-kadence-pane > .kt-accordion-header-wrap > .kt-blocks-accordion-header:hover, \n\t\t\t\tbody:not(.hide-focus-outline) .kt-accordion-id28_24a9e1-d8 .kt-blocks-accordion-header:focus-visible{border-top-color:#eeeeee;border-top-style:solid;border-right-color:#eeeeee;border-right-style:solid;border-bottom-color:#eeeeee;border-bottom-style:solid;border-left-color:#eeeeee;border-left-style:solid;}}@media all and (max-width: 1024px){.kt-accordion-id28_24a9e1-d8 .kt-accordion-header-wrap .kt-blocks-accordion-header:focus-visible,\n\t\t\t\t.kt-accordion-id28_24a9e1-d8 > .kt-accordion-inner-wrap > .wp-block-kadence-pane > .kt-accordion-header-wrap > .kt-blocks-accordion-header.kt-accordion-panel-active{border-top-color:#444444;border-top-style:solid;border-right-color:#444444;border-right-style:solid;border-bottom-color:#444444;border-bottom-style:solid;border-left-color:#444444;border-left-style:solid;}}@media all and (max-width: 767px){.kt-accordion-id28_24a9e1-d8 .kt-accordion-inner-wrap{display:block;}.kt-accordion-id28_24a9e1-d8 .kt-accordion-inner-wrap .kt-accordion-pane:not(:first-child){margin-top:8px;}.kt-accordion-id28_24a9e1-d8 > .kt-accordion-inner-wrap > .wp-block-kadence-pane > .kt-accordion-header-wrap > .kt-blocks-accordion-header{border-top:0px solid #f2f2f2;border-right:0px solid #f2f2f2;border-bottom:0px solid #f2f2f2;border-left:0px solid #f2f2f2;}.kt-accordion-id28_24a9e1-d8 > .kt-accordion-inner-wrap > .wp-block-kadence-pane > .kt-accordion-header-wrap > .kt-blocks-accordion-header:hover, \n\t\t\t\tbody:not(.hide-focus-outline) .kt-accordion-id28_24a9e1-d8 .kt-blocks-accordion-header:focus-visible{border-top-color:#eeeeee;border-top-style:solid;border-right-color:#eeeeee;border-right-style:solid;border-bottom-color:#eeeeee;border-bottom-style:solid;border-left-color:#eeeeee;border-left-style:solid;}.kt-accordion-id28_24a9e1-d8 .kt-accordion-header-wrap .kt-blocks-accordion-header:focus-visible,\n\t\t\t\t.kt-accordion-id28_24a9e1-d8 > .kt-accordion-inner-wrap > .wp-block-kadence-pane > .kt-accordion-header-wrap > .kt-blocks-accordion-header.kt-accordion-panel-active{border-top-color:#444444;border-top-style:solid;border-right-color:#444444;border-right-style:solid;border-bottom-color:#444444;border-bottom-style:solid;border-left-color:#444444;border-left-style:solid;}}<\/style>\n<div class=\"wp-block-kadence-accordion alignnone\"><div class=\"kt-accordion-wrap kt-accordion-id28_24a9e1-d8 kt-accordion-has-13-panes kt-active-pane-0 kt-accordion-block kt-pane-header-alignment-left kt-accodion-icon-style-basic kt-accodion-icon-side-right\" style=\"max-width:none\"><div class=\"kt-accordion-inner-wrap\" data-allow-multiple-open=\"false\" data-start-open=\"0\">\n<div class=\"wp-block-kadence-pane kt-accordion-pane kt-accordion-pane-1 kt-pane28_2136bd-86\"><div class=\"kt-accordion-header-wrap\"><button class=\"kt-blocks-accordion-header kt-acccordion-button-label-show\" type=\"button\"><span class=\"kt-blocks-accordion-title-wrap\"><span class=\"kt-blocks-accordion-title\">O que \u00e9 o Reykjavik City Card?<\/span><\/span><span class=\"kt-blocks-accordion-icon-trigger\"><\/span><\/button><\/div><div class=\"kt-accordion-panel kt-accordion-panel-hidden\"><div class=\"kt-accordion-panel-inner\">\n<p>O Reykjavik City Card \u00e9 um cart\u00e3o tur\u00edstico que oferece entrada gratuita em muitos museus e atrac\u00e7\u00f5es de Reiquiavique, viagens ilimitadas nos autocarros urbanos e descontos em v\u00e1rias excurs\u00f5es e servi\u00e7os.<\/p>\n<\/div><\/div><\/div>\n\n\n\n<div class=\"wp-block-kadence-pane kt-accordion-pane kt-accordion-pane-3 kt-pane28_adb248-47\"><div class=\"kt-accordion-header-wrap\"><button class=\"kt-blocks-accordion-header kt-acccordion-button-label-show\" type=\"button\"><span class=\"kt-blocks-accordion-title-wrap\"><span class=\"kt-blocks-accordion-title\">Qual \u00e9 o prazo de validade do Reykjavik City Card?<\/span><\/span><span class=\"kt-blocks-accordion-icon-trigger\"><\/span><\/button><\/div><div class=\"kt-accordion-panel kt-accordion-panel-hidden\"><div class=\"kt-accordion-panel-inner\">\n<p>O Reykjavik City Card est\u00e1 dispon\u00edvel em tr\u00eas vers\u00f5es: 24 horas, 48 horas e 72 horas. O per\u00edodo de validade come\u00e7a com a primeira utiliza\u00e7\u00e3o do cart\u00e3o.<\/p>\n<\/div><\/div><\/div>\n\n\n\n<div class=\"wp-block-kadence-pane kt-accordion-pane kt-accordion-pane-4 kt-pane28_444eaa-f6\"><div class=\"kt-accordion-header-wrap\"><button class=\"kt-blocks-accordion-header kt-acccordion-button-label-show\" type=\"button\"><span class=\"kt-blocks-accordion-title-wrap\"><span class=\"kt-blocks-accordion-title\">Onde posso comprar o Reykjavik City Card?<\/span><\/span><span class=\"kt-blocks-accordion-icon-trigger\"><\/span><\/button><\/div><div class=\"kt-accordion-panel kt-accordion-panel-hidden\"><div class=\"kt-accordion-panel-inner\">\n<p>O Reykjavik City Card pode ser adquirido em alguns dos museus participantes. Tamb\u00e9m pode comprar o cart\u00e3o online e levant\u00e1-lo num destes locais.<\/p>\n<\/div><\/div><\/div>\n\n\n\n<div class=\"wp-block-kadence-pane kt-accordion-pane kt-accordion-pane-5 kt-pane28_f7279c-05\"><div class=\"kt-accordion-header-wrap\"><button class=\"kt-blocks-accordion-header kt-acccordion-button-label-show\" type=\"button\"><span class=\"kt-blocks-accordion-title-wrap\"><span class=\"kt-blocks-accordion-title\">O que est\u00e1 inclu\u00eddo no pre\u00e7o do Reykjavik City Card?<\/span><\/span><span class=\"kt-blocks-accordion-icon-trigger\"><\/span><\/button><\/div><div class=\"kt-accordion-panel kt-accordion-panel-hidden\"><div class=\"kt-accordion-panel-inner\">\n<p>O mapa inclui:<\/p>\n\n\n\n<ul class=\"wp-block-list\">\n<li>Entrada gratuita em alguns museus e galerias<\/li>\n\n\n\n<li>Entrada gratuita em piscinas p\u00fablicas e banhos termais<\/li>\n\n\n\n<li>Viagens ilimitadas nos autocarros urbanos em Reiquiavique<\/li>\n\n\n\n<li>Utiliza\u00e7\u00e3o gratuita do ferry para a ilha de Vi\u00f0ey<\/li>\n\n\n\n<li>Descontos em determinadas excurs\u00f5es, restaurantes e lojas<\/li>\n<\/ul>\n<\/div><\/div><\/div>\n\n\n\n<div class=\"wp-block-kadence-pane kt-accordion-pane kt-accordion-pane-6 kt-pane28_5b73f4-87\"><div class=\"kt-accordion-header-wrap\"><button class=\"kt-blocks-accordion-header kt-acccordion-button-label-show\" type=\"button\"><span class=\"kt-blocks-accordion-title-wrap\"><span class=\"kt-blocks-accordion-title\">Que museus e atrac\u00e7\u00f5es est\u00e3o inclu\u00eddos no pre\u00e7o do Reykjavik City Card?<\/span><\/span><span class=\"kt-blocks-accordion-icon-trigger\"><\/span><\/button><\/div><div class=\"kt-accordion-panel kt-accordion-panel-hidden\"><div class=\"kt-accordion-panel-inner\">\n<p>&nbsp;Alguns dos museus e atrac\u00e7\u00f5es inclu\u00eddos s\u00e3o:<\/p>\n\n\n\n<ul class=\"wp-block-list\">\n<li>Galeria Nacional da Isl\u00e2ndia<\/li>\n\n\n\n<li>Museu Nacional da Isl\u00e2ndia<\/li>\n\n\n\n<li>Museu da Cidade de Reiquiavique - Museu ao Ar Livre \u00c1rb\u00e6r<\/li>\n\n\n\n<li>Museu da Cidade de Reiquiavique - Museu Mar\u00edtimo<\/li>\n\n\n\n<li>Museu de Arte de Reiquiavique - Hafnarh\u00fas<\/li>\n\n\n\n<li>Jardim Zool\u00f3gico e Parque Familiar de Reiquiavique<\/li>\n\n\n\n<li>Casa das Colec\u00e7\u00f5es<\/li>\n\n\n\n<li>Museu Sigurj\u00f3n \u00d3lafsson<\/li>\n<\/ul>\n\n\n\n<p><a href=\"https:\/\/www.reykjavikcard.com\/pt\/atraccoes-museus\/\" title=\"\">Pode encontrar uma lista completa aqui.<\/a><\/p>\n<\/div><\/div><\/div>\n\n\n\n<div class=\"wp-block-kadence-pane kt-accordion-pane kt-accordion-pane-7 kt-pane28_c02f30-b4\"><div class=\"kt-accordion-header-wrap\"><button class=\"kt-blocks-accordion-header kt-acccordion-button-label-show\" type=\"button\"><span class=\"kt-blocks-accordion-title-wrap\"><span class=\"kt-blocks-accordion-title\">H\u00e1 alguma atra\u00e7\u00e3o que n\u00e3o esteja abrangida pelo Reykjavik City Card?<\/span><\/span><span class=\"kt-blocks-accordion-icon-trigger\"><\/span><\/button><\/div><div class=\"kt-accordion-panel kt-accordion-panel-hidden\"><div class=\"kt-accordion-panel-inner\">\n<p>Sim, algumas atrac\u00e7\u00f5es bem conhecidas n\u00e3o est\u00e3o cobertas, incluindo:<\/p>\n\n\n\n<ul class=\"wp-block-list\">\n<li>Hallgr\u00edmskirkja (subida da torre)<\/li>\n\n\n\n<li>Lagoa Azul<\/li>\n\n\n\n<li>FlyOver Isl\u00e2ndia<\/li>\n\n\n\n<li>Excurs\u00e3o de observa\u00e7\u00e3o de baleias<\/li>\n\n\n\n<li>Excurs\u00e3o ao C\u00edrculo Dourado<\/li>\n\n\n\n<li>Autocarro Hop-on\/Hop-off<\/li>\n<\/ul>\n<\/div><\/div><\/div>\n\n\n\n<div class=\"wp-block-kadence-pane kt-accordion-pane kt-accordion-pane-8 kt-pane28_0d9dfc-d0\"><div class=\"kt-accordion-header-wrap\"><button class=\"kt-blocks-accordion-header kt-acccordion-button-label-show\" type=\"button\"><span class=\"kt-blocks-accordion-title-wrap\"><span class=\"kt-blocks-accordion-title\">O Reykjavik City Card pode ser utilizado para o transporte para o aeroporto?<\/span><\/span><span class=\"kt-blocks-accordion-icon-trigger\"><\/span><\/button><\/div><div class=\"kt-accordion-panel kt-accordion-panel-hidden\"><div class=\"kt-accordion-panel-inner\">\n<p>N\u00e3o, o Reykjavik City Card n\u00e3o cobre as viagens na linha de autocarro 55 para o aeroporto de Keflavik. \u00c9 necess\u00e1rio um bilhete separado. <\/p>\n\n\n\n<p><strong>Sugest\u00e3o:<\/strong> <a href=\"https:\/\/www.getyourguide.com\/pt-pt\/reykjavik-l30\/reykjavik-shuttlebusstransfer-til-fra-keflavik-lufthavn-t400146\/?partner_id=B0910&amp;cmp=reykjavikcard&amp;mkt_cmp=true\" target=\"_blank\" rel=\"noopener nofollow sponsored\" title=\"\">Reserve um bilhete para o autocarro do aeroporto aqui.<\/a><\/p>\n<\/div><\/div><\/div>\n\n\n\n<div class=\"wp-block-kadence-pane kt-accordion-pane kt-accordion-pane-9 kt-pane28_9e1c57-dd\"><div class=\"kt-accordion-header-wrap\"><button class=\"kt-blocks-accordion-header kt-acccordion-button-label-show\" type=\"button\"><span class=\"kt-blocks-accordion-title-wrap\"><span class=\"kt-blocks-accordion-title\">Como posso ativar o meu Reykjavik City Card?<\/span><\/span><span class=\"kt-blocks-accordion-icon-trigger\"><\/span><\/button><\/div><div class=\"kt-accordion-panel kt-accordion-panel-hidden\"><div class=\"kt-accordion-panel-inner\">\n<p>O cart\u00e3o \u00e9 ativado na primeira utiliza\u00e7\u00e3o. <\/p>\n<\/div><\/div><\/div>\n\n\n\n<div class=\"wp-block-kadence-pane kt-accordion-pane kt-accordion-pane-10 kt-pane28_435e0f-d4\"><div class=\"kt-accordion-header-wrap\"><button class=\"kt-blocks-accordion-header kt-acccordion-button-label-show\" type=\"button\"><span class=\"kt-blocks-accordion-title-wrap\"><span class=\"kt-blocks-accordion-title\">Posso tamb\u00e9m comprar o Reykjavik City Card para crian\u00e7as?<\/span><\/span><span class=\"kt-blocks-accordion-icon-trigger\"><\/span><\/button><\/div><div class=\"kt-accordion-panel kt-accordion-panel-hidden\"><div class=\"kt-accordion-panel-inner\">\n<p>N\u00e3o, n\u00e3o existe um City Card com desconto para crian\u00e7as. A entrada nos museus \u00e9 gratuita para os menores de 18 anos. No entanto, dependendo da idade da crian\u00e7a, poder\u00e1 haver uma pequena taxa para os servi\u00e7os de autocarro da cidade, para os banhos termais e para o Parque Familiar e Jardim Zool\u00f3gico de Reiquiavique.<\/p>\n<\/div><\/div><\/div>\n\n\n\n<div class=\"wp-block-kadence-pane kt-accordion-pane kt-accordion-pane-12 kt-pane28_a2d4db-64\"><div class=\"kt-accordion-header-wrap\"><button class=\"kt-blocks-accordion-header kt-acccordion-button-label-show\" type=\"button\"><span class=\"kt-blocks-accordion-title-wrap\"><span class=\"kt-blocks-accordion-title\">O City Card vale a pena para os cidad\u00e3os seniores?<\/span><\/span><span class=\"kt-blocks-accordion-icon-trigger\"><\/span><\/button><\/div><div class=\"kt-accordion-panel kt-accordion-panel-hidden\"><div class=\"kt-accordion-panel-inner\">\n<p>Os visitantes idosos (67+) n\u00e3o t\u00eam de pagar a entrada para os banhos termais em Reiquiavique. Al\u00e9m disso, o Museu Nacional, a Casa da Cultura e a Galeria Nacional da Isl\u00e2ndia oferecem aos idosos com mais de 67 anos um desconto de 50% no pre\u00e7o da entrada. Isto significa que o Reykjavik Card \u00e9 menos vantajoso para pessoas desta idade.<\/p>\n<\/div><\/div><\/div>\n\n\n\n<div class=\"wp-block-kadence-pane kt-accordion-pane kt-accordion-pane-11 kt-pane28_58aa07-1a\"><div class=\"kt-accordion-header-wrap\"><button class=\"kt-blocks-accordion-header kt-acccordion-button-label-show\" type=\"button\"><span class=\"kt-blocks-accordion-title-wrap\"><span class=\"kt-blocks-accordion-title\">Onde posso levantar o Reykjavik Card?<\/span><\/span><span class=\"kt-blocks-accordion-icon-trigger\"><\/span><\/button><\/div><div class=\"kt-accordion-panel kt-accordion-panel-hidden\"><div class=\"kt-accordion-panel-inner\">\n<p>Pode trocar o seu voucher digital por um City Card f\u00edsico nos seguintes locais:<\/p>\n\n\n\n<ul class=\"wp-block-list\">\n<li><strong>Museu de Arte de Reiquiavique \u00c1smundarsafn<\/strong>&nbsp;(Aberto todos os dias: 10:00 - 17:00)<\/li>\n\n\n\n<li><strong>Museu de Arte de Reiquiavique Hafnarh\u00fas<\/strong>&nbsp;(Aberto todos os dias: 10:00 - 17:00)<\/li>\n\n\n\n<li><strong>Museu de Arte de Reiquiavique Kjarvalssta\u00f0ir<\/strong>&nbsp;(Aberto todos os dias: 10:00 - 17:00)<\/li>\n\n\n\n<li><strong>Museu da Cidade de Reiquiavique Museu ao Ar Livre de \u00c1rb\u00e6r<\/strong>&nbsp;(Aberto todos os dias: 13:00 - 17:00)<\/li>\n\n\n\n<li><strong>Museu da Cidade de Reiquiavique Museu Mar\u00edtimo<\/strong>&nbsp;(Aberto todos os dias: 10:00 - 17:00)<\/li>\n\n\n\n<li><strong>Museu da Cidade de Reiquiavique Museu da Fotografia<\/strong>&nbsp;(Aberto todos os dias: 10:00 - 17:00)<\/li>\n\n\n\n<li><strong><strong>Museu da Cidade de Reiquiavique Museu da Fotografia<\/strong><\/strong>&nbsp;(Aberto todos os dias: 10:00 - 18:00)<\/li>\n<\/ul>\n\n\n\n<p>Por favor, note que o hor\u00e1rio de abertura pode variar nos feriados p\u00fablicos.<\/p>\n<\/div><\/div><\/div>\n\n\n\n<div class=\"wp-block-kadence-pane kt-accordion-pane kt-accordion-pane-13 kt-pane28_2a4480-e3\"><div class=\"kt-accordion-header-wrap\"><button class=\"kt-blocks-accordion-header kt-acccordion-button-label-show\" type=\"button\"><span class=\"kt-blocks-accordion-title-wrap\"><span class=\"kt-blocks-accordion-title\">Posso cancelar a compra sem custos?<\/span><\/span><span class=\"kt-blocks-accordion-icon-trigger\"><\/span><\/button><\/div><div class=\"kt-accordion-panel kt-accordion-panel-hidden\"><div class=\"kt-accordion-panel-inner\">\n<p>Sim, pode cancelar o cart\u00e3o Reykjavik gratuitamente se o comprar ao nosso parceiro GetYourGuide. O prazo \u00e9 de 24 horas antes da data que especificar no momento da compra.<\/p>\n<\/div><\/div><\/div>\n<\/div><\/div><\/div>","protected":false},"excerpt":{"rendered":"","protected":false},"author":1,"featured_media":0,"parent":0,"menu_order":0,"comment_status":"closed","ping_status":"closed","template":"","meta":{"footnotes":""},"class_list":["post-28","page","type-page","status-publish"],"aioseo_notices":[],"_links":{"self":[{"href":"https:\/\/www.reykjavikcard.com\/pt\/wp-json\/wp\/v2\/pages\/28","targetHints":{"allow":["GET"]}}],"collection":[{"href":"https:\/\/www.reykjavikcard.com\/pt\/wp-json\/wp\/v2\/pages"}],"about":[{"href":"https:\/\/www.reykjavikcard.com\/pt\/wp-json\/wp\/v2\/types\/page"}],"author":[{"embeddable":true,"href":"https:\/\/www.reykjavikcard.com\/pt\/wp-json\/wp\/v2\/users\/1"}],"replies":[{"embeddable":true,"href":"https:\/\/www.reykjavikcard.com\/pt\/wp-json\/wp\/v2\/comments?post=28"}],"version-history":[{"count":10,"href":"https:\/\/www.reykjavikcard.com\/pt\/wp-json\/wp\/v2\/pages\/28\/revisions"}],"predecessor-version":[{"id":407,"href":"https:\/\/www.reykjavikcard.com\/pt\/wp-json\/wp\/v2\/pages\/28\/revisions\/407"}],"wp:attachment":[{"href":"https:\/\/www.reykjavikcard.com\/pt\/wp-json\/wp\/v2\/media?parent=28"}],"curies":[{"name":"wp","href":"https:\/\/api.w.org\/{rel}","templated":true}]}}