{"id":36,"date":"2024-06-26T07:07:18","date_gmt":"2024-06-26T07:07:18","guid":{"rendered":"https:\/\/www.reykjavikcard.com\/?page_id=36"},"modified":"2025-06-24T08:25:41","modified_gmt":"2025-06-24T08:25:41","slug":"contacto","status":"publish","type":"page","link":"https:\/\/www.reykjavikcard.com\/pt\/kontakt\/","title":{"rendered":"Contact"},"content":{"rendered":"<p>O ReykjavikCard.com n\u00e3o \u00e9 um s\u00edtio Web oficial. <\/p>\n\n\n\n<p>Aqui encontrar\u00e1 os dados de contacto do Visit Reykjavik, o emissor do Reykjavik City Card:<\/p>\n\n\n\n<p><strong>correio eletr\u00f3nico:<\/strong> <a href=\"mailto:hello@visitreykjavik.is\" title=\"\">hello@visitreykjavik.is<\/a><\/p>\n\n\n\n<p><strong>S\u00edtio Web:<\/strong> <a href=\"https:\/\/visitreykjavik.is\/\" target=\"_blank\" rel=\"noreferrer noopener\">Visitar Reykjavik<\/a><\/p>\n\n\n\n<p><strong>Facebook<\/strong>:&nbsp;<a href=\"https:\/\/www.facebook.com\/visitreykjavik\" target=\"_blank\" rel=\"noreferrer noopener\">Visitar Reiquiavique no Facebook<\/a><\/p>\n\n\n\n<p><strong>Instagram<\/strong>:&nbsp;<a href=\"https:\/\/www.instagram.com\/visitreykjavik\" target=\"_blank\" rel=\"noreferrer noopener\">Visitar Reykjavik no Instagram<\/a><\/p>\n\n\n\n<p><strong>Informa\u00e7\u00f5es adicionais:<\/strong><br>Para obter informa\u00e7\u00f5es pormenorizadas sobre o Reykjavik City Card, incluindo pontos de venda, pre\u00e7os e benef\u00edcios, visite o s\u00edtio Web oficial ou contacte diretamente a equipa Visit Reykjavik por correio eletr\u00f3nico.<\/p>\n\n\n<style>.wp-block-kadence-spacer.kt-block-spacer-36_a322ca-11 .kt-block-spacer{height:60px;}.wp-block-kadence-spacer.kt-block-spacer-36_a322ca-11 .kt-divider{border-top-width:1px;height:1px;border-top-color:#eee;width:60%;border-top-style:solid;}<\/style>\n<div class=\"wp-block-kadence-spacer aligncenter kt-block-spacer-36_a322ca-11\"><div class=\"kt-block-spacer kt-block-spacer-halign-center\"><hr class=\"kt-divider\"\/><\/div><\/div>\n\n\n\n<p>Se j\u00e1 comprou o seu cart\u00e3o Reykjavik na GetYourGuide, contacte o servi\u00e7o de apoio ao cliente:<\/p>\n\n\n\n<p><strong>GetYourGuide:<\/strong>&nbsp;<a href=\"https:\/\/www.getyourguide.com\/pt-pt\/contact\/\" target=\"_blank\" rel=\"noreferrer noopener\">Contact<\/a><\/p>","protected":false},"excerpt":{"rendered":"<p>ReykjavikCard.com n\u00e3o \u00e9 um s\u00edtio Web oficial. Aqui pode encontrar os dados de contacto de Visit Reykjavik, o emissor do Reykjavik City Card: Email: hello@visitreykjavik.is Website: Visit Reykjavik Facebook: Visit Reykjavik on Facebook Instagram: Visit Reykjavik on Instagram Informa\u00e7\u00f5es adicionais:Para obter informa\u00e7\u00f5es detalhadas sobre o Reykjavik City Card, incluindo pontos de venda, pre\u00e7os e benef\u00edcios, visite o site oficial ou contacte o ... <a title=\"Contact\" class=\"read-more\" href=\"https:\/\/www.reykjavikcard.com\/pt\/kontakt\/\" aria-label=\"Leia mais sobre contacto\">Ler mais<\/a><\/p>","protected":false},"author":1,"featured_media":0,"parent":0,"menu_order":0,"comment_status":"closed","ping_status":"closed","template":"","meta":{"footnotes":""},"class_list":["post-36","page","type-page","status-publish"],"aioseo_notices":[],"_links":{"self":[{"href":"https:\/\/www.reykjavikcard.com\/pt\/wp-json\/wp\/v2\/pages\/36","targetHints":{"allow":["GET"]}}],"collection":[{"href":"https:\/\/www.reykjavikcard.com\/pt\/wp-json\/wp\/v2\/pages"}],"about":[{"href":"https:\/\/www.reykjavikcard.com\/pt\/wp-json\/wp\/v2\/types\/page"}],"author":[{"embeddable":true,"href":"https:\/\/www.reykjavikcard.com\/pt\/wp-json\/wp\/v2\/users\/1"}],"replies":[{"embeddable":true,"href":"https:\/\/www.reykjavikcard.com\/pt\/wp-json\/wp\/v2\/comments?post=36"}],"version-history":[{"count":6,"href":"https:\/\/www.reykjavikcard.com\/pt\/wp-json\/wp\/v2\/pages\/36\/revisions"}],"predecessor-version":[{"id":406,"href":"https:\/\/www.reykjavikcard.com\/pt\/wp-json\/wp\/v2\/pages\/36\/revisions\/406"}],"wp:attachment":[{"href":"https:\/\/www.reykjavikcard.com\/pt\/wp-json\/wp\/v2\/media?parent=36"}],"curies":[{"name":"wp","href":"https:\/\/api.w.org\/{rel}","templated":true}]}}