{"id":41,"date":"2024-06-26T07:48:07","date_gmt":"2024-06-26T07:48:07","guid":{"rendered":"https:\/\/www.reykjavikcard.com\/?page_id=41"},"modified":"2025-01-15T05:23:27","modified_gmt":"2025-01-15T05:23:27","slug":"piscinas-termais","status":"publish","type":"page","link":"https:\/\/www.reykjavikcard.com\/pt\/thermal-pools\/","title":{"rendered":"Piscinas termais com o Reykjavik Card"},"content":{"rendered":"<figure class=\"wp-block-image size-full\"><img loading=\"lazy\" decoding=\"async\" width=\"1000\" height=\"500\" src=\"https:\/\/www.reykjavikcard.com\/wp-content\/uploads\/2024\/06\/reykjavik-thermal-pool.png\" alt=\"\" class=\"wp-image-42\" srcset=\"https:\/\/www.reykjavikcard.com\/wp-content\/uploads\/2024\/06\/reykjavik-thermal-pool.png 1000w, https:\/\/www.reykjavikcard.com\/wp-content\/uploads\/2024\/06\/reykjavik-thermal-pool-300x150.png 300w, https:\/\/www.reykjavikcard.com\/wp-content\/uploads\/2024\/06\/reykjavik-thermal-pool-768x384.png 768w, https:\/\/www.reykjavikcard.com\/wp-content\/uploads\/2024\/06\/reykjavik-thermal-pool-18x9.png 18w\" sizes=\"auto, (max-width: 1000px) 100vw, 1000px\" \/><\/figure>\n\n\n\n<div style=\"height:30px\" aria-hidden=\"true\" class=\"wp-block-spacer\"><\/div>\n\n\n\n<p><strong>Com o Reykjavik City Card pode visitar gratuitamente at\u00e9 sete banhos termais.<\/strong> Os banhos termais s\u00e3o uma parte importante da cultura e da vida quotidiana dos islandeses. Uma visita oferece a oportunidade de se familiarizar com esta tradi\u00e7\u00e3o e de se imergir na vida local.<\/p>\n\n\n\n<p>Para al\u00e9m das piscinas geot\u00e9rmicas, muitas termas oferecem tamb\u00e9m outras instala\u00e7\u00f5es, como saunas, banhos de vapor e escorregas aqu\u00e1ticos, que proporcionam divers\u00e3o e relaxamento adicionais. Isto torna as piscinas termais ideais para as fam\u00edlias. Oferecem \u00e1reas para crian\u00e7as, incluindo piscinas pouco profundas e parques infantis, para que toda a fam\u00edlia possa passar bons momentos em conjunto.<\/p>\n\n\n\n<p>Os seguintes banhos termais est\u00e3o inclu\u00eddos no Reykjavik City Card:<\/p>\n\n\n\n<ol class=\"wp-block-list\">\n<li><strong>\u00c1rb\u00e6jarlaug<\/strong>O \u00c1rb\u00e6jarlaug disponibiliza piscinas interiores e exteriores, escorregas aqu\u00e1ticos e uma piscina para crian\u00e7as. \u00c9 um destino familiar popular com excelentes instala\u00e7\u00f5es.<\/li>\n\n\n\n<li><strong>Piscina Brei\u00f0holtslaug<\/strong>O Brei\u00f0holtslaug tem v\u00e1rias piscinas, incluindo banheiras de hidromassagem, saunas e escorregas aqu\u00e1ticos. A piscina \u00e9 conhecida pela sua atmosfera relaxante.<\/li>\n\n\n\n<li><strong>Piscina de Dalslaug:<\/strong> O Dalslaug disp\u00f5e de uma piscina exterior de 25 metros com 6 pistas, uma piscina interior, banheiras de hidromassagem, uma piscina de \u00e1gua fria, uma piscina para crian\u00e7as e uma sauna.<\/li>\n\n\n\n<li><strong>Piscina Grafarvogslaug<\/strong>O Grafarvogslaug disponibiliza grandes piscinas exteriores, escorregas aqu\u00e1ticos e uma sauna de infravermelhos.<\/li>\n\n\n\n<li><strong>Piscina Kl\u00e9bergslaug<\/strong>A Kl\u00e9bergslaug \u00e9 uma piscina mais pequena e acolhedora, situada numa zona calma da cidade. Oferece banheiras de hidromassagem, um escorrega aqu\u00e1tico para crian\u00e7as e um ambiente familiar.<\/li>\n\n\n\n<li><strong>Piscina Laugardalslaug<\/strong>Laugardalslaug \u00e9 o maior complexo de piscinas de Reiquiavique, com v\u00e1rias piscinas interiores e exteriores, banheiras de hidromassagem, banhos de vapor e escorregas aqu\u00e1ticos. Perfeito para todas as idades.<\/li>\n\n\n\n<li><strong>Piscina Sundh\u00f6llin<\/strong>A Sundh\u00f6llin, uma das piscinas mais antigas de Reiquiavique, disponibiliza piscinas interiores e exteriores, banheiras de hidromassagem e uma sauna.<\/li>\n\n\n\n<li><strong>Vesturb\u00e6jarlaug Piscina<\/strong>Vesturb\u00e6jarlaug \u00e9 uma popular piscina de bairro com uma atmosfera acolhedora. Disp\u00f5e de v\u00e1rias piscinas, banheiras de hidromassagem, um banho de vapor e uma sauna, ideais para relaxar.<\/li>\n<\/ol>\n\n\n<style>.wp-block-kadence-advancedbtn.kb-btns41_1c244e-01{gap:var(--global-kb-gap-xs, 0.5rem );justify-content:center;align-items:center;}.kt-btns41_1c244e-01 .kt-button{font-weight:normal;font-style:normal;}.kt-btns41_1c244e-01 .kt-btn-wrap-0{margin-right:5px;}.wp-block-kadence-advancedbtn.kt-btns41_1c244e-01 .kt-btn-wrap-0 .kt-button{color:#555555;border-color:#555555;}.wp-block-kadence-advancedbtn.kt-btns41_1c244e-01 .kt-btn-wrap-0 .kt-button:hover, .wp-block-kadence-advancedbtn.kt-btns41_1c244e-01 .kt-btn-wrap-0 .kt-button:focus{color:#ffffff;border-color:#444444;}.wp-block-kadence-advancedbtn.kt-btns41_1c244e-01 .kt-btn-wrap-0 .kt-button::before{display:none;}.wp-block-kadence-advancedbtn.kt-btns41_1c244e-01 .kt-btn-wrap-0 .kt-button:hover, .wp-block-kadence-advancedbtn.kt-btns41_1c244e-01 .kt-btn-wrap-0 .kt-button:focus{background:#444444;}<\/style>\n<div class=\"wp-block-kadence-advancedbtn kb-buttons-wrap kb-btns41_1c244e-01\"><style>ul.menu .wp-block-kadence-advancedbtn .kb-btn41_2bad0c-9a.kb-button{width:initial;}.wp-block-kadence-advancedbtn .kb-btn41_2bad0c-9a.kb-button{color:var(--base-3);background:#f39878;box-shadow:2px 2px 2px 2px rgba(0, 0, 0, 0.2);}.wp-block-kadence-advancedbtn .kb-btn41_2bad0c-9a.kb-button:hover, .wp-block-kadence-advancedbtn .kb-btn41_2bad0c-9a.kb-button:focus{color:var(--base-3);background:#f39878;}<\/style><a class=\"kb-button kt-button button kb-btn41_2bad0c-9a kt-btn-size-large kt-btn-width-type-auto kb-btn-global-fill  kt-btn-has-text-true kt-btn-has-svg-false  wp-block-kadence-singlebtn\" href=\"https:\/\/www.getyourguide.com\/pt-pt\/reykjavik-l30\/reykjavik-city-card-t69810\/?partner_id=B0910&amp;cmp=reykjavikcard&amp;mkt_cmp=true\" target=\"_blank\" rel=\"noreferrer noopener nofollow sponsored\"><span class=\"kt-btn-inner-text\">Comprar o cart\u00e3o Reykjavik<\/span><\/a><\/div>\n\n\n\n<div style=\"height:30px\" aria-hidden=\"true\" class=\"wp-block-spacer\"><\/div>\n\n\n\n<p>Estas piscinas oferecem uma vasta gama de op\u00e7\u00f5es para relaxamento e divers\u00e3o, desde escorregas aqu\u00e1ticos e salas de fitness a banheiras de hidromassagem e saunas.<\/p>\n\n\n\n<p><a href=\"https:\/\/www.reykjavikcard.com\/pt\/atraccoes-museus\/\" title=\"\">Os museus gratuitos com o cart\u00e3o Reykjavik Card podem ser encontrados aqui.<\/a><\/p>","protected":false},"excerpt":{"rendered":"<p>Com o Reykjavik City Card, pode visitar gratuitamente at\u00e9 sete banhos termais. Os banhos termais s\u00e3o uma parte importante da cultura e da vida quotidiana islandesa. Uma visita oferece a oportunidade de conhecer esta tradi\u00e7\u00e3o e de se imergir na vida local. Para al\u00e9m das piscinas geot\u00e9rmicas, muitos banhos termais tamb\u00e9m oferecem outras instala\u00e7\u00f5es, como saunas, banhos de vapor e escorregas aqu\u00e1ticos, que ... <a title=\"Piscinas termais com o Reykjavik Card\" class=\"read-more\" href=\"https:\/\/www.reykjavikcard.com\/pt\/thermal-pools\/\" aria-label=\"Leia mais sobre as piscinas termais com o Reykjavik Card\">Ler mais<\/a><\/p>","protected":false},"author":1,"featured_media":0,"parent":0,"menu_order":0,"comment_status":"closed","ping_status":"closed","template":"","meta":{"footnotes":""},"class_list":["post-41","page","type-page","status-publish"],"aioseo_notices":[],"_links":{"self":[{"href":"https:\/\/www.reykjavikcard.com\/pt\/wp-json\/wp\/v2\/pages\/41","targetHints":{"allow":["GET"]}}],"collection":[{"href":"https:\/\/www.reykjavikcard.com\/pt\/wp-json\/wp\/v2\/pages"}],"about":[{"href":"https:\/\/www.reykjavikcard.com\/pt\/wp-json\/wp\/v2\/types\/page"}],"author":[{"embeddable":true,"href":"https:\/\/www.reykjavikcard.com\/pt\/wp-json\/wp\/v2\/users\/1"}],"replies":[{"embeddable":true,"href":"https:\/\/www.reykjavikcard.com\/pt\/wp-json\/wp\/v2\/comments?post=41"}],"version-history":[{"count":5,"href":"https:\/\/www.reykjavikcard.com\/pt\/wp-json\/wp\/v2\/pages\/41\/revisions"}],"predecessor-version":[{"id":253,"href":"https:\/\/www.reykjavikcard.com\/pt\/wp-json\/wp\/v2\/pages\/41\/revisions\/253"}],"wp:attachment":[{"href":"https:\/\/www.reykjavikcard.com\/pt\/wp-json\/wp\/v2\/media?parent=41"}],"curies":[{"name":"wp","href":"https:\/\/api.w.org\/{rel}","templated":true}]}}