{"id":36,"date":"2024-06-26T07:07:18","date_gmt":"2024-06-26T07:07:18","guid":{"rendered":"https:\/\/www.reykjavikcard.com\/?page_id=36"},"modified":"2025-06-24T08:25:41","modified_gmt":"2025-06-24T08:25:41","slug":"kontakt","status":"publish","type":"page","link":"https:\/\/www.reykjavikcard.com\/sv\/kontakt\/","title":{"rendered":"Kontakta oss"},"content":{"rendered":"<p>ReykjavikCard.com \u00e4r inte en officiell webbplats. <\/p>\n\n\n\n<p>H\u00e4r hittar du kontaktuppgifter till Visit Reykjavik, utf\u00e4rdaren av Reykjavik City Card:<\/p>\n\n\n\n<p><strong>e-post:<\/strong> <a href=\"mailto:hello@visitreykjavik.is\" title=\"\">hello@visitreykjavik.is<\/a><\/p>\n\n\n\n<p><strong>Hemsida:<\/strong> <a href=\"https:\/\/visitreykjavik.is\/\" target=\"_blank\" rel=\"noreferrer noopener\">Bes\u00f6k Reykjavik<\/a><\/p>\n\n\n\n<p><strong>Facebook<\/strong>:&nbsp;<a href=\"https:\/\/www.facebook.com\/visitreykjavik\" target=\"_blank\" rel=\"noreferrer noopener\">Bes\u00f6k Reykjavik p\u00e5 Facebook<\/a><\/p>\n\n\n\n<p><strong>Instagram<\/strong>:&nbsp;<a href=\"https:\/\/www.instagram.com\/visitreykjavik\" target=\"_blank\" rel=\"noreferrer noopener\">Bes\u00f6k Reykjavik p\u00e5 Instagram<\/a><\/p>\n\n\n\n<p><strong>Ytterligare information:<\/strong><br>F\u00f6r detaljerad information om Reykjavik City Card, inklusive f\u00f6rs\u00e4ljningsst\u00e4llen, priser och f\u00f6rm\u00e5ner, bes\u00f6k den officiella webbplatsen eller kontakta Visit Reykjavik-teamet direkt via e-post.<\/p>\n\n\n<style>.wp-block-kadence-spacer.kt-block-spacer-36_a322ca-11 .kt-block-spacer{height:60px;}.wp-block-kadence-spacer.kt-block-spacer-36_a322ca-11 .kt-divider{border-top-width:1px;height:1px;border-top-color:#eee;width:60%;border-top-style:solid;}<\/style>\n<div class=\"wp-block-kadence-spacer aligncenter kt-block-spacer-36_a322ca-11\"><div class=\"kt-block-spacer kt-block-spacer-halign-center\"><hr class=\"kt-divider\"\/><\/div><\/div>\n\n\n\n<p>Om du redan har k\u00f6pt ditt Reykjavik Card fr\u00e5n GetYourGuide, v\u00e4nligen kontakta kundtj\u00e4nst:<\/p>\n\n\n\n<p><strong>F\u00e5 din guide:<\/strong>&nbsp;<a href=\"https:\/\/www.getyourguide.com\/sv-se\/contact\/\" target=\"_blank\" rel=\"noreferrer noopener\">Kontakta oss<\/a><\/p>","protected":false},"excerpt":{"rendered":"<p>ReykjavikCard.com \u00e4r inte en officiell webbplats. H\u00e4r hittar du kontaktuppgifterna till Visit Reykjavik, som utf\u00e4rdar Reykjavik City Card: E-post: hello@visitreykjavik.is Webbplats: Visit Reykjavik Facebook: Visit Reykjavik p\u00e5 Facebook Instagram: Visit Reykjavik on Instagram Ytterligare information:F\u00f6r detaljerad information om Reykjavik City Card, inklusive f\u00f6rs\u00e4ljningsst\u00e4llen, priser och f\u00f6rm\u00e5ner, bes\u00f6k den officiella webbplatsen eller kontakta ... <a title=\"Kontakta oss\" class=\"read-more\" href=\"https:\/\/www.reykjavikcard.com\/sv\/kontakt\/\" aria-label=\"L\u00e5t oss komma i kontakt\">L\u00e4s mer<\/a><\/p>","protected":false},"author":1,"featured_media":0,"parent":0,"menu_order":0,"comment_status":"closed","ping_status":"closed","template":"","meta":{"footnotes":""},"class_list":["post-36","page","type-page","status-publish"],"aioseo_notices":[],"_links":{"self":[{"href":"https:\/\/www.reykjavikcard.com\/sv\/wp-json\/wp\/v2\/pages\/36","targetHints":{"allow":["GET"]}}],"collection":[{"href":"https:\/\/www.reykjavikcard.com\/sv\/wp-json\/wp\/v2\/pages"}],"about":[{"href":"https:\/\/www.reykjavikcard.com\/sv\/wp-json\/wp\/v2\/types\/page"}],"author":[{"embeddable":true,"href":"https:\/\/www.reykjavikcard.com\/sv\/wp-json\/wp\/v2\/users\/1"}],"replies":[{"embeddable":true,"href":"https:\/\/www.reykjavikcard.com\/sv\/wp-json\/wp\/v2\/comments?post=36"}],"version-history":[{"count":6,"href":"https:\/\/www.reykjavikcard.com\/sv\/wp-json\/wp\/v2\/pages\/36\/revisions"}],"predecessor-version":[{"id":406,"href":"https:\/\/www.reykjavikcard.com\/sv\/wp-json\/wp\/v2\/pages\/36\/revisions\/406"}],"wp:attachment":[{"href":"https:\/\/www.reykjavikcard.com\/sv\/wp-json\/wp\/v2\/media?parent=36"}],"curies":[{"name":"wp","href":"https:\/\/api.w.org\/{rel}","templated":true}]}}