{"id":41,"date":"2024-06-26T07:48:07","date_gmt":"2024-06-26T07:48:07","guid":{"rendered":"https:\/\/www.reykjavikcard.com\/?page_id=41"},"modified":"2025-01-15T05:23:27","modified_gmt":"2025-01-15T05:23:27","slug":"termalbassaenger","status":"publish","type":"page","link":"https:\/\/www.reykjavikcard.com\/sv\/thermal-pools\/","title":{"rendered":"Termiska pooler med Reykjavik-kortet"},"content":{"rendered":"<figure class=\"wp-block-image size-full\"><img loading=\"lazy\" decoding=\"async\" width=\"1000\" height=\"500\" src=\"https:\/\/www.reykjavikcard.com\/wp-content\/uploads\/2024\/06\/reykjavik-thermal-pool.png\" alt=\"\" class=\"wp-image-42\" srcset=\"https:\/\/www.reykjavikcard.com\/wp-content\/uploads\/2024\/06\/reykjavik-thermal-pool.png 1000w, https:\/\/www.reykjavikcard.com\/wp-content\/uploads\/2024\/06\/reykjavik-thermal-pool-300x150.png 300w, https:\/\/www.reykjavikcard.com\/wp-content\/uploads\/2024\/06\/reykjavik-thermal-pool-768x384.png 768w, https:\/\/www.reykjavikcard.com\/wp-content\/uploads\/2024\/06\/reykjavik-thermal-pool-18x9.png 18w\" sizes=\"auto, (max-width: 1000px) 100vw, 1000px\" \/><\/figure>\n\n\n\n<div style=\"height:30px\" aria-hidden=\"true\" class=\"wp-block-spacer\"><\/div>\n\n\n\n<p><strong>Med Reykjavik City Card kan du bes\u00f6ka upp till sju termalbad utan kostnad.<\/strong> Termiska bad \u00e4r en viktig del av den isl\u00e4ndska kulturen och det dagliga livet. Ett bes\u00f6k ger dig m\u00f6jlighet att bekanta dig med denna tradition och f\u00f6rdjupa dig i det lokala livet.<\/p>\n\n\n\n<p>F\u00f6rutom de geotermiska bass\u00e4ngerna erbjuder m\u00e5nga termalbad ocks\u00e5 andra faciliteter som bastu, \u00e5ngbad och vattenrutschbanor, som ger ytterligare n\u00f6je och avkoppling. Detta g\u00f6r termalbaden idealiska f\u00f6r familjer. De har omr\u00e5den f\u00f6r barn, inklusive grunda pooler och lekplatser, s\u00e5 att hela familjen kan ha det trevligt tillsammans.<\/p>\n\n\n\n<p>F\u00f6ljande termalbad ing\u00e5r i Reykjavik City Card:<\/p>\n\n\n\n<ol class=\"wp-block-list\">\n<li><strong>\u00c1rb\u00e6jarlaug<\/strong>\u00c1rb\u00e6jarlaug erbjuder inomhus- och utomhuspooler, vattenrutschbanor och en barnpool. Det \u00e4r en popul\u00e4r familjedestination med utm\u00e4rkta faciliteter.<\/li>\n\n\n\n<li><strong>Brei\u00f0holtslaug Pool<\/strong>Brei\u00f0holtslaug har flera pooler, inklusive bubbelpooler, bastur och vattenrutschbanor. Poolen \u00e4r k\u00e4nd f\u00f6r sin avkopplande atmosf\u00e4r.<\/li>\n\n\n\n<li><strong>Dalslaug Pool:<\/strong> Dalslaug erbjuder en 25 meter l\u00e5ng utomhuspool med sex banor, en inomhuspool, bubbelpooler, en kallvattenpool, en barnpool och en bastu.<\/li>\n\n\n\n<li><strong>Grafarvogslaug Pool<\/strong>Grafarvogslaug erbjuder stora utomhuspooler, vattenrutschbanor och en infrar\u00f6d bastu.<\/li>\n\n\n\n<li><strong>Kl\u00e9bergslaug Pool<\/strong>Kl\u00e9bergslaug \u00e4r en mindre, mysig pool i en lugn del av staden. H\u00e4r finns bubbelpooler, en vattenrutschkana f\u00f6r barn och en familjev\u00e4nlig milj\u00f6.<\/li>\n\n\n\n<li><strong>Laugardalslaug Pool<\/strong>Laugardalslaug \u00e4r Reykjaviks st\u00f6rsta poolanl\u00e4ggning med flera utomhus- och inomhuspooler, bubbelpooler, \u00e5ngbad och vattenrutschbanor. Perfekt f\u00f6r alla \u00e5ldrar.<\/li>\n\n\n\n<li><strong>Sundh\u00f6llin Pool<\/strong>Sundh\u00f6llin \u00e4r en av Reykjaviks \u00e4ldsta pooler och erbjuder inomhus- och utomhuspooler, bubbelpooler och bastu.<\/li>\n\n\n\n<li><strong>Vesturb\u00e6jarlaug Pool<\/strong>Vesturb\u00e6jarlaug \u00e4r en popul\u00e4r kvarterspool med en mysig atmosf\u00e4r. H\u00e4r finns olika bass\u00e4nger, bubbelpooler, \u00e5ngbad och bastu, perfekt f\u00f6r avkoppling.<\/li>\n<\/ol>\n\n\n<style>.wp-block-kadence-advancedbtn.kb-btns41_1c244e-01{gap:var(--global-kb-gap-xs, 0.5rem );justify-content:center;align-items:center;}.kt-btns41_1c244e-01 .kt-button{font-weight:normal;font-style:normal;}.kt-btns41_1c244e-01 .kt-btn-wrap-0{margin-right:5px;}.wp-block-kadence-advancedbtn.kt-btns41_1c244e-01 .kt-btn-wrap-0 .kt-button{color:#555555;border-color:#555555;}.wp-block-kadence-advancedbtn.kt-btns41_1c244e-01 .kt-btn-wrap-0 .kt-button:hover, .wp-block-kadence-advancedbtn.kt-btns41_1c244e-01 .kt-btn-wrap-0 .kt-button:focus{color:#ffffff;border-color:#444444;}.wp-block-kadence-advancedbtn.kt-btns41_1c244e-01 .kt-btn-wrap-0 .kt-button::before{display:none;}.wp-block-kadence-advancedbtn.kt-btns41_1c244e-01 .kt-btn-wrap-0 .kt-button:hover, .wp-block-kadence-advancedbtn.kt-btns41_1c244e-01 .kt-btn-wrap-0 .kt-button:focus{background:#444444;}<\/style>\n<div class=\"wp-block-kadence-advancedbtn kb-buttons-wrap kb-btns41_1c244e-01\"><style>ul.menu .wp-block-kadence-advancedbtn .kb-btn41_2bad0c-9a.kb-button{width:initial;}.wp-block-kadence-advancedbtn .kb-btn41_2bad0c-9a.kb-button{color:var(--base-3);background:#f39878;box-shadow:2px 2px 2px 2px rgba(0, 0, 0, 0.2);}.wp-block-kadence-advancedbtn .kb-btn41_2bad0c-9a.kb-button:hover, .wp-block-kadence-advancedbtn .kb-btn41_2bad0c-9a.kb-button:focus{color:var(--base-3);background:#f39878;}<\/style><a class=\"kb-button kt-button button kb-btn41_2bad0c-9a kt-btn-size-large kt-btn-width-type-auto kb-btn-global-fill  kt-btn-has-text-true kt-btn-has-svg-false  wp-block-kadence-singlebtn\" href=\"https:\/\/www.getyourguide.se\/reykjavik-l30\/reykjavik-city-card-t69810\/?partner_id=B0910&amp;cmp=reykjavikcard&amp;mkt_cmp=true\" target=\"_blank\" rel=\"noreferrer noopener nofollow sponsored\"><span class=\"kt-btn-inner-text\">K\u00f6p Reykjavik-kort<\/span><\/a><\/div>\n\n\n\n<div style=\"height:30px\" aria-hidden=\"true\" class=\"wp-block-spacer\"><\/div>\n\n\n\n<p>Dessa pooler erbjuder en m\u00e4ngd olika alternativ f\u00f6r avkoppling och n\u00f6je, fr\u00e5n vattenrutschbanor och gym till bubbelpooler och bastur.<\/p>\n\n\n\n<p><a href=\"https:\/\/www.reykjavikcard.com\/sv\/sevaerdheter-museer\/\" title=\"\">Gratis museer med Reykjavik-kortet hittar du h\u00e4r.<\/a><\/p>","protected":false},"excerpt":{"rendered":"<p>Med Reykjavik City Card kan du bes\u00f6ka upp till sju termalbad utan kostnad. Termalbaden \u00e4r en viktig del av den isl\u00e4ndska kulturen och det dagliga livet. Ett bes\u00f6k ger dig m\u00f6jlighet att l\u00e4ra k\u00e4nna denna tradition och f\u00f6rdjupa dig i det lokala livet. F\u00f6rutom de geotermiska poolerna erbjuder m\u00e5nga termalbad ocks\u00e5 andra faciliteter som bastur, \u00e5ngbad och vattenrutschbanor, som ... <a title=\"Termiska pooler med Reykjavik-kortet\" class=\"read-more\" href=\"https:\/\/www.reykjavikcard.com\/sv\/thermal-pools\/\" aria-label=\"L\u00e4s mer om Thermal-Pools med Reykjavik-kortet\">L\u00e4s mer<\/a><\/p>","protected":false},"author":1,"featured_media":0,"parent":0,"menu_order":0,"comment_status":"closed","ping_status":"closed","template":"","meta":{"footnotes":""},"class_list":["post-41","page","type-page","status-publish"],"aioseo_notices":[],"_links":{"self":[{"href":"https:\/\/www.reykjavikcard.com\/sv\/wp-json\/wp\/v2\/pages\/41","targetHints":{"allow":["GET"]}}],"collection":[{"href":"https:\/\/www.reykjavikcard.com\/sv\/wp-json\/wp\/v2\/pages"}],"about":[{"href":"https:\/\/www.reykjavikcard.com\/sv\/wp-json\/wp\/v2\/types\/page"}],"author":[{"embeddable":true,"href":"https:\/\/www.reykjavikcard.com\/sv\/wp-json\/wp\/v2\/users\/1"}],"replies":[{"embeddable":true,"href":"https:\/\/www.reykjavikcard.com\/sv\/wp-json\/wp\/v2\/comments?post=41"}],"version-history":[{"count":5,"href":"https:\/\/www.reykjavikcard.com\/sv\/wp-json\/wp\/v2\/pages\/41\/revisions"}],"predecessor-version":[{"id":253,"href":"https:\/\/www.reykjavikcard.com\/sv\/wp-json\/wp\/v2\/pages\/41\/revisions\/253"}],"wp:attachment":[{"href":"https:\/\/www.reykjavikcard.com\/sv\/wp-json\/wp\/v2\/media?parent=41"}],"curies":[{"name":"wp","href":"https:\/\/api.w.org\/{rel}","templated":true}]}}